{"id":1120,"date":"2023-11-12T12:33:42","date_gmt":"2023-11-12T11:33:42","guid":{"rendered":"https:\/\/turisme.mutxamel.org\/transportes\/"},"modified":"2026-02-23T13:30:02","modified_gmt":"2026-02-23T12:30:02","slug":"transports","status":"publish","type":"page","link":"https:\/\/turisme.mutxamel.org\/ca\/transports\/","title":{"rendered":"Transports"},"content":{"rendered":"<section class=\"l-section wpb_row height_auto width_full\"><div class=\"l-section-h i-cf\"><div class=\"g-cols vc_row via_grid cols_1 laptops-cols_inherit tablets-cols_inherit mobiles-cols_1 valign_top type_default stacking_default\"><div class=\"wpb_column vc_column_container\"><div class=\"vc_column-inner\"><section class=\"l-section wpb_row us_custom_d4a759fd height_auto width_full with_img\"><div class=\"l-section-img\" role=\"img\" aria-label=\"Mutxamel vista a\u00e9rea\" data-img-width=\"1340\" data-img-height=\"250\" style=\"background-image: url(https:\/\/turisme.mutxamel.org\/wp-content\/uploads\/2023\/11\/bg-planifica.jpg);background-position: bottom center;background-repeat: no-repeat;\"><\/div><div class=\"l-section-overlay\" style=\"background:rgba(13,131,62,0.80)\"><\/div><div class=\"l-section-h i-cf\"><div class=\"g-cols vc_row via_grid cols_1 laptops-cols_inherit tablets-cols_inherit mobiles-cols_1 valign_top type_default stacking_default\"><div class=\"wpb_column vc_column_container us_custom_eb849559\"><div class=\"vc_column-inner\"><div class=\"wpb_text_column us_custom_3e734877 has_text_color\"><div class=\"wpb_wrapper\"><p>PLANIFICA EL TEU VIATGE<\/p>\n<\/div><\/div><\/div><\/div><\/div><\/div><\/section><section class=\"l-section wpb_row height_auto width_full type_sticky\"><div class=\"l-section-h i-cf\"><div class=\"g-cols vc_row via_grid cols_1 laptops-cols_inherit tablets-cols_inherit mobiles-cols_1 valign_top type_default stacking_default\"><div class=\"wpb_column vc_column_container\"><div class=\"vc_column-inner\"><section class=\"l-section wpb_row us_custom_e4988f48 has_text_color height_auto\"><div class=\"l-section-overlay\" style=\"background:#E3E4E4\"><\/div><div class=\"l-section-h i-cf\"><div class=\"g-cols vc_row via_grid cols_1 laptops-cols_inherit tablets-cols_inherit mobiles-cols_1 valign_top type_default stacking_default\"><div class=\"wpb_column vc_column_container\"><div class=\"vc_column-inner\"><nav class=\"g-breadcrumbs us_custom_492179a4 separator_icon align_left\" itemscope itemtype=\"http:\/\/schema.org\/BreadcrumbList\"><div class=\"g-breadcrumbs-item\" itemscope itemprop=\"itemListElement\" itemtype=\"http:\/\/schema.org\/ListItem\"><a itemprop=\"item\" href=\"https:\/\/turisme.mutxamel.org\/ca\/\"><span itemprop=\"name\">Inici<\/span><\/a><meta itemprop=\"position\" content=\"1\"\/><\/div><div class=\"g-breadcrumbs-separator\"><i class=\"far fa-angle-right\"><\/i><\/div><div class=\"g-breadcrumbs-item\">P\u00e0gines<\/div><\/nav><\/div><\/div><\/div><\/div><\/section><section class=\"l-section wpb_row height_auto\"><div class=\"l-section-h i-cf\"><div class=\"g-cols vc_row via_grid cols_1 laptops-cols_inherit tablets-cols_inherit mobiles-cols_1 valign_top type_default stacking_default\"><div class=\"wpb_column vc_column_container\"><div class=\"vc_column-inner\"><div class=\"w-separator size_small\"><\/div><\/div><\/div><\/div><\/div><\/section>\n<\/div><\/div><\/div><\/div><\/section>\n<\/div><\/div><\/div><\/div><\/section><section class=\"l-section wpb_row height_small\"><div class=\"l-section-h i-cf\"><div class=\"g-cols vc_row via_grid cols_1 laptops-cols_inherit tablets-cols_inherit mobiles-cols_1 valign_top type_default stacking_default\"><div class=\"wpb_column vc_column_container\"><div class=\"vc_column-inner\"><div id=\"ultimate-heading-432969e8ba76ecbfc\" class=\"uvc-heading ult-adjust-bottom-margin ultimate-heading-432969e8ba76ecbfc uvc-7848 \" data-hspacer=\"no_spacer\"  data-halign=\"left\" style=\"text-align:left\"><div class=\"uvc-heading-spacer no_spacer\" style=\"top\"><\/div><div class=\"uvc-main-heading ult-responsive\"  data-ultimate-target='.uvc-heading.ultimate-heading-432969e8ba76ecbfc h1'  data-responsive-json-new='{\"font-size\":\"\",\"line-height\":\"\"}' ><h1 style=\"font-weight:normal;\">Transports<\/h1><\/div><\/div><\/div><\/div><\/div><\/div><\/section><section class=\"l-section wpb_row height_small\"><div class=\"l-section-h i-cf\"><div class=\"g-cols vc_row via_grid cols_1 laptops-cols_inherit tablets-cols_inherit mobiles-cols_1 valign_top type_default stacking_default\"><div class=\"wpb_column vc_column_container\"><div class=\"vc_column-inner\"><div id=\"ultimate-heading-987669e8ba76ed009\" class=\"uvc-heading ult-adjust-bottom-margin ultimate-heading-987669e8ba76ed009 uvc-9555 \" data-hspacer=\"no_spacer\"  data-halign=\"left\" style=\"text-align:left\"><div class=\"uvc-heading-spacer no_spacer\" style=\"top\"><\/div><div class=\"uvc-main-heading ult-responsive\"  data-ultimate-target='.uvc-heading.ultimate-heading-987669e8ba76ed009 h2'  data-responsive-json-new='{\"font-size\":\"\",\"line-height\":\"\"}' ><h2 style=\"font-weight:normal;\">L\u00ednees d\u2019autobusos<\/h2><\/div><\/div><div class=\"w-separator size_custom with_line width_default thick_3 style_dotted color_border align_center\" style=\"height:40px\"><div class=\"w-separator-h\"><\/div><\/div><\/div><\/div><\/div><\/div><\/section><section class=\"l-section wpb_row lineas-transporte height_auto\"><div class=\"l-section-h i-cf\"><div class=\"g-cols vc_row via_grid cols_2 laptops-cols_inherit tablets-cols_inherit mobiles-cols_1 valign_top type_default stacking_default\"><div class=\"wpb_column vc_column_container\"><div class=\"vc_column-inner\"><div class=\"w-iconbox iconpos_left style_default color_custom align_left\"><a target=\"_blank\" href=\"https:\/\/alicante.vectalia.es\/linea\/linea-23-alicante-hospital-de-sant-joan-sant-joan-mutxamel\/#linea=23\" class=\"w-iconbox-link\" aria-label=\"L\u00cdNIA 23\"><div class=\"w-iconbox-icon\" style=\"font-size:2rem;--icon-color:#0D803E;\"><i class=\"fas fa-bus\"><\/i><\/div><\/a><div class=\"w-iconbox-meta\"><p class=\"w-iconbox-title\"><a target=\"_blank\" href=\"https:\/\/alicante.vectalia.es\/linea\/linea-23-alicante-hospital-de-sant-joan-sant-joan-mutxamel\/#linea=23\" class=\"w-iconbox-link\" aria-label=\"L\u00cdNIA 23\">L\u00cdNIA 23<\/a><\/p><div class=\"w-iconbox-text\"><p>ALACANT-HOSPITAL DE SANT JOAN-SANT JOAN-MUTXAMEL<\/p>\n<\/div><\/div><\/div><div class=\"w-separator size_custom with_line width_default thick_2 style_dotted color_border align_center\" style=\"height:40px\"><div class=\"w-separator-h\"><\/div><\/div><div class=\"w-iconbox iconpos_left style_default color_custom align_left\"><a target=\"_blank\" href=\"https:\/\/alicante.vectalia.es\/linea\/linea-23n-alicante-plaza-puerta-del-mar-sant-joan-mutxamel\/#linea=23N\" class=\"w-iconbox-link\" aria-label=\"L\u00cdNIA 23N\"><div class=\"w-iconbox-icon\" style=\"font-size:2rem;--icon-color:#0D803E;\"><i class=\"fas fa-bus\"><\/i><\/div><\/a><div class=\"w-iconbox-meta\"><p class=\"w-iconbox-title\"><a target=\"_blank\" href=\"https:\/\/alicante.vectalia.es\/linea\/linea-23n-alicante-plaza-puerta-del-mar-sant-joan-mutxamel\/#linea=23N\" class=\"w-iconbox-link\" aria-label=\"L\u00cdNIA 23N\">L\u00cdNIA 23N<\/a><\/p><div class=\"w-iconbox-text\"><p>ALACANT (PORTA DEL MAR)-SANT JOAN-MUTXAMEL<\/p>\n<\/div><\/div><\/div><div class=\"w-separator size_custom with_line width_default thick_2 style_dotted color_border align_center\" style=\"height:40px\"><div class=\"w-separator-h\"><\/div><\/div><div class=\"w-iconbox iconpos_left style_default color_custom align_left\"><a target=\"_blank\" href=\"https:\/\/alicante.vectalia.es\/linea\/06-tad-villafranqueza-tangel\/#linea=TAD6\" class=\"w-iconbox-link\" aria-label=\"L\u00cdNIA TAD-6\"><div class=\"w-iconbox-icon\" style=\"font-size:2rem;--icon-color:#0D803E;\"><i class=\"fas fa-bus\"><\/i><\/div><\/a><div class=\"w-iconbox-meta\"><p class=\"w-iconbox-title\"><a target=\"_blank\" href=\"https:\/\/alicante.vectalia.es\/linea\/06-tad-villafranqueza-tangel\/#linea=TAD6\" class=\"w-iconbox-link\" aria-label=\"L\u00cdNIA TAD-6\">L\u00cdNIA TAD-6<\/a><\/p><div class=\"w-iconbox-text\"><p>PALAM\u00d3-T\u00c0NGEL<\/p>\n<\/div><\/div><\/div><div class=\"w-separator size_custom with_line width_default thick_2 style_dotted color_border align_center\" style=\"height:40px\"><div class=\"w-separator-h\"><\/div><\/div><div class=\"w-iconbox iconpos_left style_default color_custom align_left\"><a target=\"_blank\" href=\"https:\/\/alicante.vectalia.es\/linea\/linea-31-mutxamel-sant-joan-playa-san-juan\/#linea=31\" class=\"w-iconbox-link\" aria-label=\"L\u00cdNIA 31\"><div class=\"w-iconbox-icon\" style=\"font-size:2rem;--icon-color:#0D803E;\"><i class=\"fas fa-bus\"><\/i><\/div><\/a><div class=\"w-iconbox-meta\"><p class=\"w-iconbox-title\"><a target=\"_blank\" href=\"https:\/\/alicante.vectalia.es\/linea\/linea-31-mutxamel-sant-joan-playa-san-juan\/#linea=31\" class=\"w-iconbox-link\" aria-label=\"L\u00cdNIA 31\">L\u00cdNIA 31<\/a><\/p><div class=\"w-iconbox-text\"><p>MUTXAMEL-SANT JOAN- PLATJA DE SANT JOAN (ESTIU)<\/p>\n<\/div><\/div><\/div><div class=\"w-separator size_custom with_line width_default thick_2 style_dotted color_border align_center\" style=\"height:40px\"><div class=\"w-separator-h\"><\/div><\/div><div class=\"w-iconbox iconpos_left style_default color_custom align_left\"><a target=\"_blank\" href=\"https:\/\/alicante.vectalia.es\/linea\/linea-35-alicante-les-paulines-mutxamel\/#linea=35\" class=\"w-iconbox-link\" aria-label=\"L\u00cdNIA 35\"><div class=\"w-iconbox-icon\" style=\"font-size:2rem;--icon-color:#0D803E;\"><i class=\"fas fa-bus\"><\/i><\/div><\/a><div class=\"w-iconbox-meta\"><p class=\"w-iconbox-title\"><a target=\"_blank\" href=\"https:\/\/alicante.vectalia.es\/linea\/linea-35-alicante-les-paulines-mutxamel\/#linea=35\" class=\"w-iconbox-link\" aria-label=\"L\u00cdNIA 35\">L\u00cdNIA 35<\/a><\/p><div class=\"w-iconbox-text\"><p>HOSPITAL DE SANT JOAN-T\u00c0NGEL<\/p>\n<\/div><\/div><\/div><div class=\"w-separator size_custom with_line width_default thick_2 style_dotted color_border align_center\" style=\"height:40px\"><div class=\"w-separator-h\"><\/div><\/div><div class=\"w-iconbox iconpos_left style_default color_custom align_left\"><a target=\"_blank\" href=\"https:\/\/alicante.vectalia.es\/linea\/linea-c-6alicante-aeropuerto\/#linea=C-6\" class=\"w-iconbox-link\" aria-label=\"BUS AEROPORT\"><div class=\"w-iconbox-icon\" style=\"font-size:2rem;--icon-color:#0D803E;\"><i class=\"fas fa-bus\"><\/i><\/div><\/a><div class=\"w-iconbox-meta\"><p class=\"w-iconbox-title\"><a target=\"_blank\" href=\"https:\/\/alicante.vectalia.es\/linea\/linea-c-6alicante-aeropuerto\/#linea=C-6\" class=\"w-iconbox-link\" aria-label=\"BUS AEROPORT\">BUS AEROPORT<\/a><\/p><div class=\"w-iconbox-text\"><p>PUERTA DEL MAR-AEROPORT<\/p>\n<\/div><\/div><\/div><\/div><\/div><div class=\"wpb_column vc_column_container\"><div class=\"vc_column-inner\"><div class=\"w-iconbox iconpos_left style_default color_custom align_left\"><a target=\"_blank\" href=\"https:\/\/alicante.vectalia.es\/linea\/linea-136-avenida-alicante-cementerio-mutxamel\/#linea=136\" class=\"w-iconbox-link\" aria-label=\"L\u00cdNIA 136\"><div class=\"w-iconbox-icon\" style=\"font-size:2rem;--icon-color:#0D803E;\"><i class=\"fas fa-bus\"><\/i><\/div><\/a><div class=\"w-iconbox-meta\"><p class=\"w-iconbox-title\"><a target=\"_blank\" href=\"https:\/\/alicante.vectalia.es\/linea\/linea-136-avenida-alicante-cementerio-mutxamel\/#linea=136\" class=\"w-iconbox-link\" aria-label=\"L\u00cdNIA 136\">L\u00cdNIA 136<\/a><\/p><div class=\"w-iconbox-text\"><p>MUTXAMEL-CEMENTERI DE MUTXAMEL<\/p>\n<\/div><\/div><\/div><div class=\"w-separator size_custom with_line width_default thick_2 style_dotted color_border align_center\" style=\"height:40px\"><div class=\"w-separator-h\"><\/div><\/div><div class=\"w-iconbox iconpos_left style_default color_custom align_left\"><a target=\"_blank\" href=\"https:\/\/alicante.vectalia.es\/linea\/m-1-mutxamel-bonalba-rio-park-valle-del-sol-4\/#linea=M-1\" class=\"w-iconbox-link\" aria-label=\"L\u00cdNIA M1\"><div class=\"w-iconbox-icon\" style=\"font-size:2rem;--icon-color:#0D803E;\"><i class=\"fas fa-bus\"><\/i><\/div><\/a><div class=\"w-iconbox-meta\"><p class=\"w-iconbox-title\"><a target=\"_blank\" href=\"https:\/\/alicante.vectalia.es\/linea\/m-1-mutxamel-bonalba-rio-park-valle-del-sol-4\/#linea=M-1\" class=\"w-iconbox-link\" aria-label=\"L\u00cdNIA M1\">L\u00cdNIA M1<\/a><\/p><div class=\"w-iconbox-text\"><p>MUTXANEL-BONALBA-RIO PARK-VALL DEL SOL<\/p>\n<\/div><\/div><\/div><div class=\"w-separator size_custom with_line width_default thick_2 style_dotted color_border align_center\" style=\"height:40px\"><div class=\"w-separator-h\"><\/div><\/div><div class=\"w-iconbox iconpos_left style_default color_custom align_left\"><a target=\"_blank\" href=\"https:\/\/alicante.vectalia.es\/linea\/m-2-mutxamel-la-huerta-los-girasoles\/#linea=M-2\" class=\"w-iconbox-link\" aria-label=\"L\u00cdNIA M2\"><div class=\"w-iconbox-icon\" style=\"font-size:2rem;--icon-color:#0D803E;\"><i class=\"fas fa-bus\"><\/i><\/div><\/a><div class=\"w-iconbox-meta\"><p class=\"w-iconbox-title\"><a target=\"_blank\" href=\"https:\/\/alicante.vectalia.es\/linea\/m-2-mutxamel-la-huerta-los-girasoles\/#linea=M-2\" class=\"w-iconbox-link\" aria-label=\"L\u00cdNIA M2\">L\u00cdNIA M2<\/a><\/p><div class=\"w-iconbox-text\"><p>MUTXAMEL-L\u2019HORTA ELS GIRASOLS<\/p>\n<\/div><\/div><\/div><div class=\"w-separator size_custom with_line width_default thick_2 style_dotted color_border align_center\" style=\"height:40px\"><div class=\"w-separator-h\"><\/div><\/div><div class=\"w-iconbox iconpos_left style_default color_custom align_left\"><a target=\"_blank\" href=\"https:\/\/alicante.vectalia.es\/linea\/linea-c-51mutxamel-busot\/#linea=C-51\" class=\"w-iconbox-link\" aria-label=\"L\u00cdNIA C-51\"><div class=\"w-iconbox-icon\" style=\"font-size:2rem;--icon-color:#0D803E;\"><i class=\"fas fa-bus\"><\/i><\/div><\/a><div class=\"w-iconbox-meta\"><p class=\"w-iconbox-title\"><a target=\"_blank\" href=\"https:\/\/alicante.vectalia.es\/linea\/linea-c-51mutxamel-busot\/#linea=C-51\" class=\"w-iconbox-link\" aria-label=\"L\u00cdNIA C-51\">L\u00cdNIA C-51<\/a><\/p><div class=\"w-iconbox-text\"><p>MUTXAMEL-BUSOT<\/p>\n<\/div><\/div><\/div><div class=\"w-separator size_custom with_line width_default thick_2 style_dotted color_border align_center\" style=\"height:40px\"><div class=\"w-separator-h\"><\/div><\/div><div class=\"w-iconbox iconpos_left style_default color_custom align_left\"><a target=\"_blank\" href=\"https:\/\/alicante.vectalia.es\/\" class=\"w-iconbox-link\" aria-label=\"AUTOBUSOS VECTALIA\"><div class=\"w-iconbox-icon\" style=\"font-size:2rem;--icon-color:#0D803E;\"><i class=\"fas fa-bus\"><\/i><\/div><\/a><div class=\"w-iconbox-meta\"><p class=\"w-iconbox-title\"><a target=\"_blank\" href=\"https:\/\/alicante.vectalia.es\/\" class=\"w-iconbox-link\" aria-label=\"AUTOBUSOS VECTALIA\">AUTOBUSOS VECTALIA<\/a><\/p><div class=\"w-iconbox-text\"><p>Informaci\u00f3 general<\/p>\n<\/div><\/div><\/div><\/div><\/div><\/div><\/div><\/section><section class=\"l-section wpb_row height_auto\"><div class=\"l-section-h i-cf\"><div class=\"g-cols vc_row via_grid cols_1 laptops-cols_inherit tablets-cols_inherit mobiles-cols_1 valign_top type_default stacking_default\"><div class=\"wpb_column vc_column_container\"><div class=\"vc_column-inner\"><div class=\"w-separator size_medium\"><\/div><\/div><\/div><\/div><\/div><\/section>\n","protected":false},"excerpt":{"rendered":"PLANIFICA EL TEU VIATGE IniciP\u00e0gines TransportsL\u00ednees d\u2019autobusosL\u00cdNIA 23ALACANT-HOSPITAL DE SANT JOAN-SANT JOAN-MUTXAMEL L\u00cdNIA 23NALACANT (PORTA DEL MAR)-SANT JOAN-MUTXAMEL L\u00cdNIA TAD-6PALAM\u00d3-T\u00c0NGEL L\u00cdNIA 31MUTXAMEL-SANT JOAN- PLATJA DE SANT JOAN (ESTIU) L\u00cdNIA 35HOSPITAL DE SANT JOAN-T\u00c0NGEL BUS AEROPORTPUERTA DEL MAR-AEROPORT L\u00cdNIA 136MUTXAMEL-CEMENTERI DE MUTXAMEL L\u00cdNIA M1MUTXANEL-BONALBA-RIO PARK-VALL DEL SOL L\u00cdNIA M2MUTXAMEL-L\u2019HORTA ELS GIRASOLS L\u00cdNIA C-51MUTXAMEL-BUSOT AUTOBUSOS VECTALIAInformaci\u00f3 general","protected":false},"author":1,"featured_media":0,"parent":0,"menu_order":32,"comment_status":"closed","ping_status":"closed","template":"","meta":{"footnotes":""},"clasificacion":[],"class_list":["post-1120","page","type-page","status-publish","hentry"],"yoast_head":"<!-- This site is optimized with the Yoast SEO plugin v27.2 - https:\/\/yoast.com\/product\/yoast-seo-wordpress\/ -->\n<title>Transports - Turismo Mutxamel<\/title>\n<meta name=\"robots\" content=\"index, follow, max-snippet:-1, max-image-preview:large, max-video-preview:-1\" \/>\n<link rel=\"canonical\" href=\"https:\/\/turisme.mutxamel.org\/ca\/transports\/\" \/>\n<meta property=\"og:locale\" content=\"ca_ES\" \/>\n<meta property=\"og:type\" content=\"article\" \/>\n<meta property=\"og:title\" content=\"Transports - Turismo Mutxamel\" \/>\n<meta property=\"og:url\" content=\"https:\/\/turisme.mutxamel.org\/ca\/transports\/\" \/>\n<meta property=\"og:site_name\" content=\"Turismo Mutxamel\" \/>\n<meta property=\"article:publisher\" content=\"https:\/\/www.facebook.com\/mutxamelturismo\" \/>\n<meta property=\"article:modified_time\" content=\"2026-02-23T12:30:02+00:00\" \/>\n<meta name=\"twitter:card\" content=\"summary_large_image\" \/>\n<meta name=\"twitter:label1\" content=\"Temps estimat de lectura\" \/>\n\t<meta name=\"twitter:data1\" content=\"1 minut\" \/>\n<script type=\"application\/ld+json\" class=\"yoast-schema-graph\">{\"@context\":\"https:\/\/schema.org\",\"@graph\":[{\"@type\":\"WebPage\",\"@id\":\"https:\/\/turisme.mutxamel.org\/ca\/transports\/\",\"url\":\"https:\/\/turisme.mutxamel.org\/ca\/transports\/\",\"name\":\"Transports - Turismo Mutxamel\",\"isPartOf\":{\"@id\":\"https:\/\/turisme.mutxamel.org\/ca\/#website\"},\"datePublished\":\"2023-11-12T11:33:42+00:00\",\"dateModified\":\"2026-02-23T12:30:02+00:00\",\"breadcrumb\":{\"@id\":\"https:\/\/turisme.mutxamel.org\/ca\/transports\/#breadcrumb\"},\"inLanguage\":\"ca\",\"potentialAction\":[{\"@type\":\"ReadAction\",\"target\":[\"https:\/\/turisme.mutxamel.org\/ca\/transports\/\"]}]},{\"@type\":\"BreadcrumbList\",\"@id\":\"https:\/\/turisme.mutxamel.org\/ca\/transports\/#breadcrumb\",\"itemListElement\":[{\"@type\":\"ListItem\",\"position\":1,\"name\":\"Portada\",\"item\":\"https:\/\/turisme.mutxamel.org\/ca\/inicio\/\"},{\"@type\":\"ListItem\",\"position\":2,\"name\":\"Transports\"}]},{\"@type\":\"WebSite\",\"@id\":\"https:\/\/turisme.mutxamel.org\/ca\/#website\",\"url\":\"https:\/\/turisme.mutxamel.org\/ca\/\",\"name\":\"Turismo Mutxamel\",\"description\":\"\",\"publisher\":{\"@id\":\"https:\/\/turisme.mutxamel.org\/ca\/#organization\"},\"potentialAction\":[{\"@type\":\"SearchAction\",\"target\":{\"@type\":\"EntryPoint\",\"urlTemplate\":\"https:\/\/turisme.mutxamel.org\/ca\/?s={search_term_string}\"},\"query-input\":{\"@type\":\"PropertyValueSpecification\",\"valueRequired\":true,\"valueName\":\"search_term_string\"}}],\"inLanguage\":\"ca\"},{\"@type\":\"Organization\",\"@id\":\"https:\/\/turisme.mutxamel.org\/ca\/#organization\",\"name\":\"Turismo Mutxamel\",\"url\":\"https:\/\/turisme.mutxamel.org\/ca\/\",\"logo\":{\"@type\":\"ImageObject\",\"inLanguage\":\"ca\",\"@id\":\"https:\/\/turisme.mutxamel.org\/ca\/#\/schema\/logo\/image\/\",\"url\":\"https:\/\/turisme.mutxamel.org\/wp-content\/uploads\/2024\/01\/logo-turismo-mutxamel.jpg\",\"contentUrl\":\"https:\/\/turisme.mutxamel.org\/wp-content\/uploads\/2024\/01\/logo-turismo-mutxamel.jpg\",\"width\":195,\"height\":81,\"caption\":\"Turismo Mutxamel\"},\"image\":{\"@id\":\"https:\/\/turisme.mutxamel.org\/ca\/#\/schema\/logo\/image\/\"},\"sameAs\":[\"https:\/\/www.facebook.com\/mutxamelturismo\",\"https:\/\/www.instagram.com\/mutxamelturismo\/\",\"https:\/\/www.youtube.com\/aytomutxamel\"]}]}<\/script>\n<!-- \/ Yoast SEO plugin. -->","yoast_head_json":{"title":"Transports - Turismo Mutxamel","robots":{"index":"index","follow":"follow","max-snippet":"max-snippet:-1","max-image-preview":"max-image-preview:large","max-video-preview":"max-video-preview:-1"},"canonical":"https:\/\/turisme.mutxamel.org\/ca\/transports\/","og_locale":"ca_ES","og_type":"article","og_title":"Transports - Turismo Mutxamel","og_url":"https:\/\/turisme.mutxamel.org\/ca\/transports\/","og_site_name":"Turismo Mutxamel","article_publisher":"https:\/\/www.facebook.com\/mutxamelturismo","article_modified_time":"2026-02-23T12:30:02+00:00","twitter_card":"summary_large_image","twitter_misc":{"Temps estimat de lectura":"1 minut"},"schema":{"@context":"https:\/\/schema.org","@graph":[{"@type":"WebPage","@id":"https:\/\/turisme.mutxamel.org\/ca\/transports\/","url":"https:\/\/turisme.mutxamel.org\/ca\/transports\/","name":"Transports - Turismo Mutxamel","isPartOf":{"@id":"https:\/\/turisme.mutxamel.org\/ca\/#website"},"datePublished":"2023-11-12T11:33:42+00:00","dateModified":"2026-02-23T12:30:02+00:00","breadcrumb":{"@id":"https:\/\/turisme.mutxamel.org\/ca\/transports\/#breadcrumb"},"inLanguage":"ca","potentialAction":[{"@type":"ReadAction","target":["https:\/\/turisme.mutxamel.org\/ca\/transports\/"]}]},{"@type":"BreadcrumbList","@id":"https:\/\/turisme.mutxamel.org\/ca\/transports\/#breadcrumb","itemListElement":[{"@type":"ListItem","position":1,"name":"Portada","item":"https:\/\/turisme.mutxamel.org\/ca\/inicio\/"},{"@type":"ListItem","position":2,"name":"Transports"}]},{"@type":"WebSite","@id":"https:\/\/turisme.mutxamel.org\/ca\/#website","url":"https:\/\/turisme.mutxamel.org\/ca\/","name":"Turismo Mutxamel","description":"","publisher":{"@id":"https:\/\/turisme.mutxamel.org\/ca\/#organization"},"potentialAction":[{"@type":"SearchAction","target":{"@type":"EntryPoint","urlTemplate":"https:\/\/turisme.mutxamel.org\/ca\/?s={search_term_string}"},"query-input":{"@type":"PropertyValueSpecification","valueRequired":true,"valueName":"search_term_string"}}],"inLanguage":"ca"},{"@type":"Organization","@id":"https:\/\/turisme.mutxamel.org\/ca\/#organization","name":"Turismo Mutxamel","url":"https:\/\/turisme.mutxamel.org\/ca\/","logo":{"@type":"ImageObject","inLanguage":"ca","@id":"https:\/\/turisme.mutxamel.org\/ca\/#\/schema\/logo\/image\/","url":"https:\/\/turisme.mutxamel.org\/wp-content\/uploads\/2024\/01\/logo-turismo-mutxamel.jpg","contentUrl":"https:\/\/turisme.mutxamel.org\/wp-content\/uploads\/2024\/01\/logo-turismo-mutxamel.jpg","width":195,"height":81,"caption":"Turismo Mutxamel"},"image":{"@id":"https:\/\/turisme.mutxamel.org\/ca\/#\/schema\/logo\/image\/"},"sameAs":["https:\/\/www.facebook.com\/mutxamelturismo","https:\/\/www.instagram.com\/mutxamelturismo\/","https:\/\/www.youtube.com\/aytomutxamel"]}]}},"_links":{"self":[{"href":"https:\/\/turisme.mutxamel.org\/ca\/wp-json\/wp\/v2\/pages\/1120","targetHints":{"allow":["GET"]}}],"collection":[{"href":"https:\/\/turisme.mutxamel.org\/ca\/wp-json\/wp\/v2\/pages"}],"about":[{"href":"https:\/\/turisme.mutxamel.org\/ca\/wp-json\/wp\/v2\/types\/page"}],"author":[{"embeddable":true,"href":"https:\/\/turisme.mutxamel.org\/ca\/wp-json\/wp\/v2\/users\/1"}],"replies":[{"embeddable":true,"href":"https:\/\/turisme.mutxamel.org\/ca\/wp-json\/wp\/v2\/comments?post=1120"}],"version-history":[{"count":9,"href":"https:\/\/turisme.mutxamel.org\/ca\/wp-json\/wp\/v2\/pages\/1120\/revisions"}],"predecessor-version":[{"id":17087,"href":"https:\/\/turisme.mutxamel.org\/ca\/wp-json\/wp\/v2\/pages\/1120\/revisions\/17087"}],"wp:attachment":[{"href":"https:\/\/turisme.mutxamel.org\/ca\/wp-json\/wp\/v2\/media?parent=1120"}],"wp:term":[{"taxonomy":"clasificacion","embeddable":true,"href":"https:\/\/turisme.mutxamel.org\/ca\/wp-json\/wp\/v2\/clasificacion?post=1120"}],"curies":[{"name":"wp","href":"https:\/\/api.w.org\/{rel}","templated":true}]}}