{"id":12155,"date":"2023-11-06T08:49:59","date_gmt":"2023-11-06T07:49:59","guid":{"rendered":"https:\/\/turisme.mutxamel.org\/politica-privacidad\/"},"modified":"2023-11-27T18:11:05","modified_gmt":"2023-11-27T17:11:05","slug":"politica-de-privacitat","status":"publish","type":"page","link":"https:\/\/turisme.mutxamel.org\/ca\/politica-de-privacitat\/","title":{"rendered":"Pol\u00edtica de privacitat"},"content":{"rendered":"<section class=\"l-section wpb_row us_custom_e4988f48 has_text_color height_auto\"><div class=\"l-section-overlay\" style=\"background:#E3E4E4\"><\/div><div class=\"l-section-h i-cf\"><div class=\"g-cols vc_row via_grid cols_1 laptops-cols_inherit tablets-cols_inherit mobiles-cols_1 valign_top type_default stacking_default\"><div class=\"wpb_column vc_column_container\"><div class=\"vc_column-inner\"><nav class=\"g-breadcrumbs us_custom_492179a4 separator_icon align_left\" itemscope itemtype=\"http:\/\/schema.org\/BreadcrumbList\"><div class=\"g-breadcrumbs-item\" itemscope itemprop=\"itemListElement\" itemtype=\"http:\/\/schema.org\/ListItem\"><a itemprop=\"item\" href=\"https:\/\/turisme.mutxamel.org\/ca\/\"><span itemprop=\"name\">Inici<\/span><\/a><meta itemprop=\"position\" content=\"1\"\/><\/div><div class=\"g-breadcrumbs-separator\"><i class=\"far fa-angle-right\"><\/i><\/div><div class=\"g-breadcrumbs-item\">P\u00e0gines<\/div><\/nav><\/div><\/div><\/div><\/div><\/section><section class=\"l-section wpb_row height_medium\"><div class=\"l-section-h i-cf\"><div class=\"g-cols vc_row via_grid cols_1 laptops-cols_inherit tablets-cols_inherit mobiles-cols_1 valign_top type_default stacking_default\"><div class=\"wpb_column vc_column_container\"><div class=\"vc_column-inner\"><div id=\"ultimate-heading-955869e8bc5ae5b86\" class=\"uvc-heading ult-adjust-bottom-margin ultimate-heading-955869e8bc5ae5b86 uvc-2520 \" data-hspacer=\"no_spacer\"  data-halign=\"left\" style=\"text-align:left\"><div class=\"uvc-heading-spacer no_spacer\" style=\"top\"><\/div><div class=\"uvc-main-heading ult-responsive\"  data-ultimate-target='.uvc-heading.ultimate-heading-955869e8bc5ae5b86 h1'  data-responsive-json-new='{\"font-size\":\"\",\"line-height\":\"\"}' ><h1 style=\"font-weight:normal;\">Pol\u00edtica de privacitat<\/h1><\/div><\/div><div class=\"w-separator size_small\"><\/div><div class=\"wpb_text_column\"><div class=\"wpb_wrapper\"><p>La Pol\u00edtica de Privacitat forma part de les Condicions Generals que regixen esta Web.<\/p>\n<p><strong>VERSI\u00d3 I de data: JUNY 2023<\/strong><\/p>\n<p><strong>Qui \u00e9s el responsable del tractament de les vostres dades?<\/strong><\/p>\n<p>AJUNTAMENT DE MUTXAMEL<\/p>\n<p>Avinguda Carlos Soler, 46<\/p>\n<p>03110 Mutxamel.<\/p>\n<p>P0309000H<\/p>\n<p>Tel.: 965956960<\/p>\n<p>DELEGAT DE PROTECCI\u00d3 DE DADES<\/p>\n<p>Albadat Consultora, SL<\/p>\n<p><a href=\"mailto:dpo@mutxamel.org\" data-insuit-uuid=\"a0b7e4da-b15e-490b-bc29-b1e33d67d05e\">dpo@mutxamel.org<\/a><\/p>\n<p>Podeu comunicar-vos amb nosaltres per qualsevol mitj\u00e0.<\/p>\n<p>Ens reservem el dret a modificar o adaptar la present Pol\u00edtica de Privacitat en qualsevol moment. Vos \u00a0recomanem que la reviseu, i si vos heu registrat i accediu al vostre compte o perfil, vos informarem de les modificacions.<\/p>\n<p><strong>Amb quines finalitats tractarem les vostres dades personals?<\/strong><\/p>\n<ul>\n<li>Contestar les vostres consultes, resoldre les sol\u00b7licituds i gestionar el procediment administratiu.<\/li>\n<\/ul>\n<p>Podeu consultar els Tractaments de Dades realitzades per l\u2019Ajuntament de Mutxamel REGISTRE D\u2019ACTIVITATS DEL TRACTAMENT<\/p>\n<p><strong>Incloem dades personals de terceres persones?<\/strong><\/p>\n<p>No, com a norma general nom\u00e9s tractem les dades que ens faciliten els titulars. Si ens aporteu dades de tercers , amb car\u00e0cter previ, heu d\u2019informar i sol\u00b7licitar el consentiment a estes persones, o en cas contrari cal que ens eximiu de qualsevol responsabilitat per l\u2019incompliment d\u2019este requisit.<\/p>\n<p><strong>I dades de menors?<\/strong><\/p>\n<p>No tractem dades de menors de 14 anys sense consentiment del pare, mare o tutor legal. Per tant, absteniu-vos de facilitar-los si no t\u00e9 eixa edat o, en el seu cas, de facilitar dades de tercers que no tinguen eixa edat. L\u2019<strong>Ajuntament de Mutxamel<\/strong>\u00a0s\u2019eximix de qualsevol responsabilitat per l\u2019incompliment d\u2019esta previsi\u00f3.<\/p>\n<p><strong>Realitzarem comunicacions per mitjans electr\u00f2nics?<\/strong><\/p>\n<p>Nom\u00e9s es realitzaran per a gestionar la vostra sol\u00b7licitud, si \u00e9s un dels mitjans de contacte que ens heu facilitat.<\/p>\n<p><strong>Exist\u00e8ncia de decisions automatitzades?<\/strong><\/p>\n<p>Esta Entitat pot prendre decisions automatitzades basades en la cobertura legal que li atorga l\u2019article 41 de la Llei 40\/2015, d\u20191 d\u2019octubre, de R\u00e8gim Jur\u00eddic del Sector P\u00fablic. Seria qualsevol acte o actuaci\u00f3 realitzada \u00edntegrament a trav\u00e9s de mitjans electr\u00f2nics en el marc d\u2019un procediment administratiu i en la qual no haja intervingut de manera directa una persona.<\/p>\n<p>Ha de regular-se la presa de decisions automatitzades en una normativa pr\u00f2pia, definint en la mateixa les especificacions, programaci\u00f3, manteniment, supervisi\u00f3 i control de qualitat. Esta normativa es trobar\u00e0 a\u00a0 disposici\u00f3 dels ciutadans en la seu electr\u00f2nica d\u2019esta Entitat.<\/p>\n<p><strong>Quines mesures de seguretat apliquem?<\/strong><\/p>\n<p>Hem adoptat un nivell \u00f2ptim de protecci\u00f3 de les Dades Personals concorde a la informaci\u00f3 que tractem, i hem instal\u00b7lat tots els mitjans i mesures t\u00e8cniques a la nostra disposici\u00f3, segons l\u2019estat de la tecnologia, per a evitar la p\u00e8rdua, mal \u00fas, alteraci\u00f3, acc\u00e9s no autoritzat i robatori de les Dades Personals.<\/p>\n<p><strong>A quins destinataris es comunicaran les vostres dades?<\/strong><\/p>\n<p>Les vostres dades no se cediran a tercers, excepte obligaci\u00f3 legal. En concret es comunicaran a l\u2019Ag\u00e8ncia Estatal de l\u2019Administraci\u00f3 Tribut\u00e0ria i a bancs i entitats financeres per a l\u2019abonament dels Impostos municipals, aix\u00ed com als encarregats del tractament necessaris per a l\u2019execuci\u00f3 de l\u2019acord.<\/p>\n<p>En cas de pagament, si trieu alguna aplicaci\u00f3, web, plataforma, targeta banc\u00e0ria, o algun altre servei en l\u00ednia, les vostres dades se cediran a eixa plataforma o es tractaran en el seu entorn, sempre amb la m\u00e0xima seguretat.<\/p>\n<p>Quan li ho ordenem, tindran acc\u00e9s a la nostra web l\u2019empresa de desenvolupament i manteniment web, o la d\u2019allotjament. Estes tindran signat un contracte de prestaci\u00f3 de serveis que els obliga a mantindre el mateix nivell de privacitat que nosaltres.<\/p>\n<p><strong>CONTACTES DE LA WEB O DEL CORREU ELECTR\u00d2NIC<\/strong><\/p>\n<p><strong>Quines dades recopilem a trav\u00e9s de la Web?<\/strong><\/p>\n<p>Podem tractar la vostra IP, quin sistema operatiu o navegador useu, i fins i tot la duraci\u00f3 de la vostra visita, de manera an\u00f2nima.<\/p>\n<p>Si ens faciliteu dades en el formulari de contacte, s\u2019identificar\u00e0 per a poder contactar amb vosaltres quan siga necessari.<\/p>\n<p><strong>Amb quina finalitat tractarem les vostres dades personals?<\/strong><\/p>\n<ul>\n<li>Contestar a les vostres consultes, resoldre sol\u00b7licituds o peticions.<\/li>\n<li>Gestionar el servei sol\u00b7licitat, contestar la vostra sol\u00b7licitud o tramitar la vostra petici\u00f3.<\/li>\n<li>Informaci\u00f3 per mitjans electr\u00f2nics, que versen sobre la vostra sol\u00b7licitud.<\/li>\n<\/ul>\n<p><strong>Quina \u00e9s la legitimaci\u00f3 per al tractament de les vostres dades?<\/strong><\/p>\n<p>L\u2019acceptaci\u00f3 i consentiment de l\u2019interessat: En el casos en qu\u00e8 per a realitzar una sol\u00b7licitud cal omplir un formulari, quan feu \u201cclic\u201d en el bot\u00f3 d\u2019enviar, manifesteu que heu sigut informats i atorgueu expressament el vostre consentiment al contingut de la cl\u00e0usula annexada a eixe formulari o a l\u2019acceptaci\u00f3 de la pol\u00edtica de privacitat.<\/p>\n<p>Tots els nostres formularis compten amb el s\u00edmbol * en les dades obligat\u00f2ries. Si no faciliteu eixos camps, o no marqueu la casella de selecci\u00f3 d\u2019acceptaci\u00f3 de la pol\u00edtica de privacitat, no es permetr\u00e0 l\u2019enviament de la informaci\u00f3. Normalment t\u00e9 la f\u00f3rmula seg\u00fcent: \u201c\u25a1 He llegit i accepte la Pol\u00edtica de privacitat.\u201d<\/p>\n<p><strong>CIUTADANIA<\/strong><\/p>\n<p><strong>Amb quina finalitat tractarem les vostres dades personals?<\/strong><\/p>\n<ul>\n<li>Contestar a les vostres consultes, sol\u00b7licituds i gestionar el procediment administratiu<\/li>\n<li>Informar d\u2019esdeveniments per mitjans electr\u00f2nics, sempre que existisca autoritzaci\u00f3 expressa.<\/li>\n<li>Gestions de control i recobrament tributari.<\/li>\n<li>Gesti\u00f3 de taxes municipals.<\/li>\n<\/ul>\n<p><strong>Quina \u00e9s la legitimaci\u00f3 per al tractament de les vostres dades?<\/strong><\/p>\n<p>Tractarem les vostres dades en aplicaci\u00f3 de l\u2019article\u00a0 6.1.c) i article 6.1.e) del RGPD, en ser necessari per al compliment d\u2019una obligaci\u00f3 legal aplicable al responsable del tractament i per al compliment d\u2019una missi\u00f3 realitzada en inter\u00e9s p\u00fablic o en l\u2019exercici de poders p\u00fablics conferits al responsable del tractament.<\/p>\n<p>Obligaci\u00f3 legal aplicable al responsable del tractament:<\/p>\n<ul>\n<li>\u00a0 \u00a0\u00a0\u00a0\u00a0\u00a0 Llei 7\/1985, de 2 d\u2019abril, reguladora de les Bases del R\u00e8gim Local<\/li>\n<li>\u00a0\u00a0\u00a0\u00a0\u00a0\u00a0\u00a0\u00a0 Llei 39\/2015, d\u20191 d\u2019octubre, del Procediment Administratiu Com\u00fa de les Administracions P\u00fabliques<\/li>\n<li>\u00a0\u00a0\u00a0\u00a0\u00a0\u00a0\u00a0\u00a0 Llei 40\/2015, d\u20191 d\u2019octubre, de R\u00e8gim Jur\u00eddic del Sector P\u00fablic<\/li>\n<\/ul>\n<p><strong>\u00a0PROVE\u00cfDORS<\/strong><\/p>\n<p><strong>Amb quina finalitat tractarem les vostres dades personals?<\/strong><\/p>\n<ul>\n<li>Informaci\u00f3, per mitjans electr\u00f2nics, que verse sobre la seua sol\u00b7licitud.<\/li>\n<li>Gestionar els serveis administratius, de comunicacions i de log\u00edstica realitzats pel Responsable.<\/li>\n<li>Facturaci\u00f3.<\/li>\n<li>Realitzar les transaccions que corresponguen.<\/li>\n<\/ul>\n<p><strong>Quina \u00e9s la legitimaci\u00f3 per al tractament de les vostres dades?<\/strong><\/p>\n<p>Llei 9\/2017, de 8 de novembre, de Contractes del Sector P\u00fablic, per la qual es transposen a l\u2019ordenament jur\u00eddic espanyol les Directives del Parlament Europeu i del Consell 2014\/23\/UE i 2014\/24\/UE, de 26 de febrer de 2014.<\/p>\n<p><strong>CONTACTES XARXES SOCIALS<\/strong><\/p>\n<p><strong>Amb quina finalitat tractarem les vostres dades personals?<\/strong><\/p>\n<ul>\n<li>Contestar les vostres consultes, sol\u00b7licituds o peticions.<\/li>\n<li>Gestionar el servei sol\u00b7licitat, contestar la vostra sol\u00b7licitud \u00a0o tramitar la vostra petici\u00f3.<\/li>\n<li>Relacionar-nos amb vost\u00e9 i crear una comunitat de seguidors.<\/li>\n<\/ul>\n<p><strong>Quina \u00e9s la legitimaci\u00f3 per al tractament de les vostres dades?<\/strong><\/p>\n<p>L\u2019acceptaci\u00f3 d\u2019una relaci\u00f3 contractual a l\u2019entorn de la xarxa social que corresponga, i conforme a les seues pol\u00edtiques de Privacitat:<\/p>\n<p>Facebook \u00a0\u00a0\u00a0\u00a0\u00a0\u00a0\u00a0\u00a0\u00a0\u00a0\u00a0http:\/\/www.facebook.com\/policy.php?ref=pf<\/p>\n<p>Twitter http:\/\/twitter.com\/privacy<\/p>\n<p>Youtube \u00a0\u00a0\u00a0\u00a0\u00a0\u00a0\u00a0\u00a0\u00a0\u00a0\u00a0\u00a0\u00a0 https:\/\/www.youtube.com\/account_privacy<\/p>\n<p><strong>Durant quant de temps mantindrem les vostres dades personals?<\/strong><\/p>\n<p>Nom\u00e9s podem consultar o donar de baixa les vostres dades de forma restringida si teniu un perfil espec\u00edfic. Els tractarem tant de temps com ens ho permeteu seguint-nos, sent amics o donant-li a \u201cm\u2019agrada\u201d, \u201cseguir\u201d o botons similars.<\/p>\n<p>Qualsevol rectificaci\u00f3 de les vostres dades o restricci\u00f3 d\u2019informaci\u00f3 o de publicacions ha de realitzar-la a trav\u00e9s de la configuraci\u00f3 del vostre perfil o usuari en la mateixa xarxa social.<\/p>\n<p><strong>\u00a0DEMANDANTS D\u2019OCUPACI\u00d3<\/strong><\/p>\n<p><strong>Amb quina finalitat tractarem les vostres dades personals?<\/strong><\/p>\n<ul>\n<li><strong>Organitzaci\u00f3 de processos de selecci\u00f3 per a la contractaci\u00f3 d\u2019empleats.<\/strong><\/li>\n<li>Citar-vos per a entrevistes de treball i avaluar la vostra candidatura.<\/li>\n<li><strong>Si ens heu donat el consentiment, li\u2019l podrem cedir a empreses col\u00b7laboradores o afins, amb l\u2019\u00fanic objectiu d\u2019ajudar-vos a trobar ocupaci\u00f3.<\/strong><\/li>\n<\/ul>\n<p><strong>Durant quant de temps mantindrem les dades personals?<\/strong><\/p>\n<p>Aix\u00ed mateix, vos comuniquem que transcorregut un any, des de la recepci\u00f3 del vostre curriculum vitae, procedirem a la seua destrucci\u00f3 segura.<\/p>\n<p><strong>Quina \u00e9s la legitimaci\u00f3 per al tractament de les vostres dades?<\/strong><\/p>\n<p>La base legal \u00e9s el vostre consentiment inequ\u00edvoc, quan ens heu enviat el CV.<\/p>\n<p><strong>PORTAL DE TRANSPAR\u00c8NCIA<\/strong><\/p>\n<p><strong>Amb quina finalitat tractarem les vostres dades personals?<\/strong><\/p>\n<p>Gesti\u00f3 del Portal de Transpar\u00e8ncia<\/p>\n<p><strong>Quina \u00e9s la legitimaci\u00f3 per al tractament de les vostres dades?<\/strong><\/p>\n<p>Article 6.1.e) el tractament \u00e9s necessari per al compliment d\u2019una tasca realitzada en inter\u00e9s p\u00fablic o en l\u2019exercici de poders p\u00fablics conferits al responsable del tractament<\/p>\n<p>Llei 12\/2014, de 26 de desembre, de transpar\u00e8ncia i d\u2019acc\u00e9s a la informaci\u00f3 p\u00fablica<\/p>\n<p>Llei 39\/2015, d\u20191 d\u2019octubre, del Procediment Administratiu Com\u00fa de les Administracions P\u00fabliques<\/p>\n<p><strong>Durant quant de temps mantindrem les vostres dades personals?<\/strong><\/p>\n<p>Emmagatzemem les dades durant el temps necessari per a poder complir amb les obligacions legals que encomana la normativa administrativa, i sempre, complint almenys amb el temps m\u00ednim de conservaci\u00f3 de la informaci\u00f3.<\/p>\n<p>Ser\u00e0 aplicable el que es disposa en la normativa d\u2019arxius i documentaci\u00f3.<\/p>\n<p><strong>Quins Drets teniu?<\/strong><\/p>\n<ul>\n<li>A saber, si estem tractant les vostres dades o no.<\/li>\n<li>A accedir a les vostres dades personals.<\/li>\n<li>A sol\u00b7licitar la rectificaci\u00f3 de les vostres dades si s\u00f3n inexactes.<\/li>\n<li>A sol\u00b7licitar la supressi\u00f3 de les vostres dades si ja no s\u00f3n necess\u00e0ries per als fins per als quals van ser recollides o si ens retireu el consentiment atorgat.<\/li>\n<li>A sol\u00b7licitar la limitaci\u00f3 del tractament de les vostres dades, en alguns sup\u00f2sits, i en este cas nom\u00e9s les conservarem d\u2019acord amb la normativa vigent.<\/li>\n<li>A sol\u00b7licitar les vostres dades, que vos seran facilitades en un format estructurat, d\u2019\u00fas com\u00fa o lectura mec\u00e0nica. Si ho preferiu, li les podem enviar al nou responsable que ens designeu. Nom\u00e9s \u00e9s v\u00e0lid en determinats casos.<\/li>\n<li>A presentar una reclamaci\u00f3 davant l\u2019Ag\u00e8ncia Espanyola de Protecci\u00f3 de Dades o autoritat de control competent, si creieu que no vos hem at\u00e9s correctament.<\/li>\n<li>A revocar el consentiment per a qualsevol tractament per al qual heu consentit, en qualsevol moment.<\/li>\n<\/ul>\n<p>Si modifiqueu alguna dada, vos agra\u00efm que ens ho comuniqueu per a mantindre-les actualitzades.<\/p>\n<p>A m\u00e9s, vos informem que sempre podeu acudir a l\u2019Autoritat de Control Espanyola de Protecci\u00f3 de Dades (Ag\u00e8ncia Espanyola de Protecci\u00f3 de Dades, www.agpd.es) per a sol\u00b7licitar la seua tutela o interposar una reclamaci\u00f3 en relaci\u00f3 al tractament de dades personals.<\/p>\n<p><strong>Quant tardem a contestar-vos a l\u2019Exercici de Drets?<\/strong><\/p>\n<p>Dep\u00e9n del dret, per\u00f2 com a m\u00e0xim en un mes des de la vostra sol\u00b7licitud, i dos mesos si el tema \u00e9s molt complex. Vos notificarem si hi necessitem m\u00e9s temps.<\/p>\n<p><strong>Responsable de Privacitat<\/strong><\/p>\n<p>En qualsevol moment ens podreu sol\u00b7licitar, de manera totalment gratu\u00efta, b\u00e9 a trav\u00e9s del Registre d\u2019entrada o la seu electr\u00f2nica, l\u2019exercici dels vostres drets, i heu d\u2019incorporar a la vostra sol\u00b7licitud fotocopia del DNI\/NIE\/Passaport, ja que es tracta d\u2019un dret personal\u00edssim.<\/p>\n<p><strong>AJUNTAMENT DE MUTXAMEL<br \/>\n<\/strong>Avinguda Carlos Soler, 46<br \/>\n03110 Mutxamel<br \/>\nP0309000H<br \/>\nTel. : 965956960<\/p>\n<p><strong>DELEGAT DE PROTECCI\u00d3 DE DADES<\/strong><\/p>\n<p>Albadat Consultora, SL<br \/>\n<a href=\"mailto:dpo@mutxamel.org\" data-insuit-uuid=\"9f23dfac-fe65-49b8-b4ef-02ad07cb8232\">dpo@mutxamel.org<\/a><\/p>\n<p>Podeu consultar els Tractaments de Dades realitzades per l\u2019Ajuntament de Mutxamel REGISTRE D\u2019ACTIVITATS DEL TRACTAMENT<\/p>\n<\/div><\/div><\/div><\/div><\/div><\/div><\/section>\n","protected":false},"excerpt":{"rendered":"IniciP\u00e0ginesPol\u00edtica de privacitatLa Pol\u00edtica de Privacitat forma part de les Condicions Generals que regixen esta Web. VERSI\u00d3 I de data: JUNY 2023 Qui \u00e9s el responsable del tractament de les vostres dades? AJUNTAMENT DE MUTXAMEL Avinguda Carlos Soler, 46 03110 Mutxamel. P0309000H Tel.: 965956960 DELEGAT DE PROTECCI\u00d3 DE DADES Albadat Consultora, SL dpo@mutxamel.org Podeu comunicar-vos...","protected":false},"author":1,"featured_media":0,"parent":0,"menu_order":108,"comment_status":"closed","ping_status":"open","template":"","meta":{"footnotes":""},"clasificacion":[],"class_list":["post-12155","page","type-page","status-publish","hentry"],"yoast_head":"<!-- This site is optimized with the Yoast SEO plugin v27.2 - https:\/\/yoast.com\/product\/yoast-seo-wordpress\/ -->\n<title>Pol\u00edtica de privacitat - Turismo Mutxamel<\/title>\n<meta name=\"robots\" content=\"index, follow, max-snippet:-1, max-image-preview:large, max-video-preview:-1\" \/>\n<link rel=\"canonical\" href=\"https:\/\/turisme.mutxamel.org\/ca\/politica-de-privacitat\/\" \/>\n<meta property=\"og:locale\" content=\"ca_ES\" \/>\n<meta property=\"og:type\" content=\"article\" \/>\n<meta property=\"og:title\" content=\"Pol\u00edtica de privacitat - Turismo Mutxamel\" \/>\n<meta property=\"og:url\" content=\"https:\/\/turisme.mutxamel.org\/ca\/politica-de-privacitat\/\" \/>\n<meta property=\"og:site_name\" content=\"Turismo Mutxamel\" \/>\n<meta property=\"article:publisher\" content=\"https:\/\/www.facebook.com\/mutxamelturismo\" \/>\n<meta property=\"article:modified_time\" content=\"2023-11-27T17:11:05+00:00\" \/>\n<meta name=\"twitter:card\" content=\"summary_large_image\" \/>\n<meta name=\"twitter:label1\" content=\"Temps estimat de lectura\" \/>\n\t<meta name=\"twitter:data1\" content=\"8 minuts\" \/>\n<script type=\"application\/ld+json\" class=\"yoast-schema-graph\">{\"@context\":\"https:\/\/schema.org\",\"@graph\":[{\"@type\":\"WebPage\",\"@id\":\"https:\/\/turisme.mutxamel.org\/ca\/politica-de-privacitat\/\",\"url\":\"https:\/\/turisme.mutxamel.org\/ca\/politica-de-privacitat\/\",\"name\":\"Pol\u00edtica de privacitat - Turismo Mutxamel\",\"isPartOf\":{\"@id\":\"https:\/\/turisme.mutxamel.org\/ca\/#website\"},\"datePublished\":\"2023-11-06T07:49:59+00:00\",\"dateModified\":\"2023-11-27T17:11:05+00:00\",\"breadcrumb\":{\"@id\":\"https:\/\/turisme.mutxamel.org\/ca\/politica-de-privacitat\/#breadcrumb\"},\"inLanguage\":\"ca\",\"potentialAction\":[{\"@type\":\"ReadAction\",\"target\":[\"https:\/\/turisme.mutxamel.org\/ca\/politica-de-privacitat\/\"]}]},{\"@type\":\"BreadcrumbList\",\"@id\":\"https:\/\/turisme.mutxamel.org\/ca\/politica-de-privacitat\/#breadcrumb\",\"itemListElement\":[{\"@type\":\"ListItem\",\"position\":1,\"name\":\"Portada\",\"item\":\"https:\/\/turisme.mutxamel.org\/ca\/inicio\/\"},{\"@type\":\"ListItem\",\"position\":2,\"name\":\"Pol\u00edtica de privacitat\"}]},{\"@type\":\"WebSite\",\"@id\":\"https:\/\/turisme.mutxamel.org\/ca\/#website\",\"url\":\"https:\/\/turisme.mutxamel.org\/ca\/\",\"name\":\"Turismo Mutxamel\",\"description\":\"\",\"publisher\":{\"@id\":\"https:\/\/turisme.mutxamel.org\/ca\/#organization\"},\"potentialAction\":[{\"@type\":\"SearchAction\",\"target\":{\"@type\":\"EntryPoint\",\"urlTemplate\":\"https:\/\/turisme.mutxamel.org\/ca\/?s={search_term_string}\"},\"query-input\":{\"@type\":\"PropertyValueSpecification\",\"valueRequired\":true,\"valueName\":\"search_term_string\"}}],\"inLanguage\":\"ca\"},{\"@type\":\"Organization\",\"@id\":\"https:\/\/turisme.mutxamel.org\/ca\/#organization\",\"name\":\"Turismo Mutxamel\",\"url\":\"https:\/\/turisme.mutxamel.org\/ca\/\",\"logo\":{\"@type\":\"ImageObject\",\"inLanguage\":\"ca\",\"@id\":\"https:\/\/turisme.mutxamel.org\/ca\/#\/schema\/logo\/image\/\",\"url\":\"https:\/\/turisme.mutxamel.org\/wp-content\/uploads\/2024\/01\/logo-turismo-mutxamel.jpg\",\"contentUrl\":\"https:\/\/turisme.mutxamel.org\/wp-content\/uploads\/2024\/01\/logo-turismo-mutxamel.jpg\",\"width\":195,\"height\":81,\"caption\":\"Turismo Mutxamel\"},\"image\":{\"@id\":\"https:\/\/turisme.mutxamel.org\/ca\/#\/schema\/logo\/image\/\"},\"sameAs\":[\"https:\/\/www.facebook.com\/mutxamelturismo\",\"https:\/\/www.instagram.com\/mutxamelturismo\/\",\"https:\/\/www.youtube.com\/aytomutxamel\"]}]}<\/script>\n<!-- \/ Yoast SEO plugin. -->","yoast_head_json":{"title":"Pol\u00edtica de privacitat - Turismo Mutxamel","robots":{"index":"index","follow":"follow","max-snippet":"max-snippet:-1","max-image-preview":"max-image-preview:large","max-video-preview":"max-video-preview:-1"},"canonical":"https:\/\/turisme.mutxamel.org\/ca\/politica-de-privacitat\/","og_locale":"ca_ES","og_type":"article","og_title":"Pol\u00edtica de privacitat - Turismo Mutxamel","og_url":"https:\/\/turisme.mutxamel.org\/ca\/politica-de-privacitat\/","og_site_name":"Turismo Mutxamel","article_publisher":"https:\/\/www.facebook.com\/mutxamelturismo","article_modified_time":"2023-11-27T17:11:05+00:00","twitter_card":"summary_large_image","twitter_misc":{"Temps estimat de lectura":"8 minuts"},"schema":{"@context":"https:\/\/schema.org","@graph":[{"@type":"WebPage","@id":"https:\/\/turisme.mutxamel.org\/ca\/politica-de-privacitat\/","url":"https:\/\/turisme.mutxamel.org\/ca\/politica-de-privacitat\/","name":"Pol\u00edtica de privacitat - Turismo Mutxamel","isPartOf":{"@id":"https:\/\/turisme.mutxamel.org\/ca\/#website"},"datePublished":"2023-11-06T07:49:59+00:00","dateModified":"2023-11-27T17:11:05+00:00","breadcrumb":{"@id":"https:\/\/turisme.mutxamel.org\/ca\/politica-de-privacitat\/#breadcrumb"},"inLanguage":"ca","potentialAction":[{"@type":"ReadAction","target":["https:\/\/turisme.mutxamel.org\/ca\/politica-de-privacitat\/"]}]},{"@type":"BreadcrumbList","@id":"https:\/\/turisme.mutxamel.org\/ca\/politica-de-privacitat\/#breadcrumb","itemListElement":[{"@type":"ListItem","position":1,"name":"Portada","item":"https:\/\/turisme.mutxamel.org\/ca\/inicio\/"},{"@type":"ListItem","position":2,"name":"Pol\u00edtica de privacitat"}]},{"@type":"WebSite","@id":"https:\/\/turisme.mutxamel.org\/ca\/#website","url":"https:\/\/turisme.mutxamel.org\/ca\/","name":"Turismo Mutxamel","description":"","publisher":{"@id":"https:\/\/turisme.mutxamel.org\/ca\/#organization"},"potentialAction":[{"@type":"SearchAction","target":{"@type":"EntryPoint","urlTemplate":"https:\/\/turisme.mutxamel.org\/ca\/?s={search_term_string}"},"query-input":{"@type":"PropertyValueSpecification","valueRequired":true,"valueName":"search_term_string"}}],"inLanguage":"ca"},{"@type":"Organization","@id":"https:\/\/turisme.mutxamel.org\/ca\/#organization","name":"Turismo Mutxamel","url":"https:\/\/turisme.mutxamel.org\/ca\/","logo":{"@type":"ImageObject","inLanguage":"ca","@id":"https:\/\/turisme.mutxamel.org\/ca\/#\/schema\/logo\/image\/","url":"https:\/\/turisme.mutxamel.org\/wp-content\/uploads\/2024\/01\/logo-turismo-mutxamel.jpg","contentUrl":"https:\/\/turisme.mutxamel.org\/wp-content\/uploads\/2024\/01\/logo-turismo-mutxamel.jpg","width":195,"height":81,"caption":"Turismo Mutxamel"},"image":{"@id":"https:\/\/turisme.mutxamel.org\/ca\/#\/schema\/logo\/image\/"},"sameAs":["https:\/\/www.facebook.com\/mutxamelturismo","https:\/\/www.instagram.com\/mutxamelturismo\/","https:\/\/www.youtube.com\/aytomutxamel"]}]}},"_links":{"self":[{"href":"https:\/\/turisme.mutxamel.org\/ca\/wp-json\/wp\/v2\/pages\/12155","targetHints":{"allow":["GET"]}}],"collection":[{"href":"https:\/\/turisme.mutxamel.org\/ca\/wp-json\/wp\/v2\/pages"}],"about":[{"href":"https:\/\/turisme.mutxamel.org\/ca\/wp-json\/wp\/v2\/types\/page"}],"author":[{"embeddable":true,"href":"https:\/\/turisme.mutxamel.org\/ca\/wp-json\/wp\/v2\/users\/1"}],"replies":[{"embeddable":true,"href":"https:\/\/turisme.mutxamel.org\/ca\/wp-json\/wp\/v2\/comments?post=12155"}],"version-history":[{"count":3,"href":"https:\/\/turisme.mutxamel.org\/ca\/wp-json\/wp\/v2\/pages\/12155\/revisions"}],"predecessor-version":[{"id":12367,"href":"https:\/\/turisme.mutxamel.org\/ca\/wp-json\/wp\/v2\/pages\/12155\/revisions\/12367"}],"wp:attachment":[{"href":"https:\/\/turisme.mutxamel.org\/ca\/wp-json\/wp\/v2\/media?parent=12155"}],"wp:term":[{"taxonomy":"clasificacion","embeddable":true,"href":"https:\/\/turisme.mutxamel.org\/ca\/wp-json\/wp\/v2\/clasificacion?post=12155"}],"curies":[{"name":"wp","href":"https:\/\/api.w.org\/{rel}","templated":true}]}}