{"id":1288,"date":"2023-11-10T15:42:34","date_gmt":"2023-11-10T14:42:34","guid":{"rendered":"https:\/\/turisme.mutxamel.org\/festes\/fiestas-del-ravalet\/"},"modified":"2024-08-30T13:50:20","modified_gmt":"2024-08-30T11:50:20","slug":"festes-del-ravalet","status":"publish","type":"page","link":"https:\/\/turisme.mutxamel.org\/ca\/festes\/festes-del-ravalet\/","title":{"rendered":"Festes del Ravalet"},"content":{"rendered":"<section class=\"l-section wpb_row height_auto width_full\"><div class=\"l-section-h i-cf\"><div class=\"g-cols vc_row via_grid cols_1 laptops-cols_inherit tablets-cols_inherit mobiles-cols_1 valign_top type_default stacking_default\"><div class=\"wpb_column vc_column_container\"><div class=\"vc_column-inner\"><section class=\"l-section wpb_row us_custom_d4a759fd height_auto width_full with_slider\"><div class=\"l-section-slider\"><div class=\"w-slider style_none fit_cover nav_none count_6\"><div class=\"w-slider-h\" aria-hidden=\"true\"><div class=\"royalSlider\"><div class=\"rsContent\"><a class=\"rsImg\" data-rsw=\"960\" data-rsh=\"640\" href=\"https:\/\/turisme.mutxamel.org\/wp-content\/uploads\/2023\/11\/ravalet_acastillo_2.jpg\"><span data-alt=\"Fiestas Ravalet\"><\/span><\/a><\/div><div class=\"rsContent\"><a class=\"rsImg\" data-rsw=\"1200\" data-rsh=\"800\" href=\"https:\/\/turisme.mutxamel.org\/wp-content\/uploads\/2023\/11\/encuentro-viernes-5.jpg\"><span data-alt=\"Semana Santa\"><\/span><\/a><\/div><div class=\"rsContent\"><a class=\"rsImg\" data-rsw=\"500\" data-rsh=\"333\" href=\"https:\/\/turisme.mutxamel.org\/wp-content\/uploads\/2023\/11\/JardinesP1.jpg\"><span data-alt=\"Jardines de Penacerrada\"><\/span><\/a><\/div><div class=\"rsContent\"><a class=\"rsImg\" data-rsw=\"1200\" data-rsh=\"800\" href=\"https:\/\/turisme.mutxamel.org\/wp-content\/uploads\/2023\/11\/festes2018-9530.jpg\"><span data-alt=\"Moros y Cristianos\"><\/span><\/a><\/div><div class=\"rsContent\"><a class=\"rsImg\" data-rsw=\"500\" data-rsh=\"333\" href=\"https:\/\/turisme.mutxamel.org\/wp-content\/uploads\/2023\/11\/placa1.jpg\"><span data-alt=\"Plaza Nova\"><\/span><\/a><\/div><div class=\"rsContent\"><a class=\"rsImg\" data-rsw=\"2048\" data-rsh=\"1367\" href=\"https:\/\/turisme.mutxamel.org\/wp-content\/uploads\/2023\/11\/83274901_599353250640284_6588852257268170752_o_599353243973618.jpg\"><span data-alt=\"Cabalgata de Reyes\"><\/span><\/a><\/div><\/div><img decoding=\"async\" src=\"https:\/\/turisme.mutxamel.org\/wp-content\/uploads\/2023\/11\/ravalet_acastillo_2.jpg\" width=\"960\" height=\"640\" alt=\"Fiestas Ravalet\" loading=\"lazy\"><\/div><div class=\"w-slider-json\" onclick='return {&quot;autoScaleSlider&quot;:true,&quot;addActiveClass&quot;:true,&quot;loop&quot;:true,&quot;fadeInLoadedSlide&quot;:false,&quot;slidesSpacing&quot;:0,&quot;imageScalePadding&quot;:0,&quot;numImagesToPreload&quot;:2,&quot;arrowsNav&quot;:false,&quot;arrowsNavAutoHide&quot;:false,&quot;transitionType&quot;:&quot;fade&quot;,&quot;transitionSpeed&quot;:1000,&quot;block&quot;:{&quot;moveEffect&quot;:&quot;none&quot;,&quot;speed&quot;:300},&quot;thumbs&quot;:{&quot;fitInViewport&quot;:false,&quot;firstMargin&quot;:false,&quot;spacing&quot;:4},&quot;controlNavigation&quot;:&quot;none&quot;,&quot;autoplay&quot;:{&quot;enabled&quot;:true,&quot;pauseOnHover&quot;:false,&quot;delay&quot;:3000},&quot;autoScaleSliderWidth&quot;:960,&quot;autoScaleSliderHeight&quot;:640}'><\/div><\/div><\/div><div class=\"l-section-overlay\" style=\"background:rgba(13,131,62,0.80)\"><\/div><div class=\"l-section-h i-cf\"><div class=\"g-cols vc_row via_grid cols_1 laptops-cols_inherit tablets-cols_inherit mobiles-cols_1 valign_top type_default stacking_default\"><div class=\"wpb_column vc_column_container us_custom_eb849559\"><div class=\"vc_column-inner\"><div class=\"wpb_text_column us_custom_3e734877 has_text_color\"><div class=\"wpb_wrapper\"><p>QU\u00c8 VEURE<\/p>\n<\/div><\/div><\/div><\/div><\/div><\/div><\/section><section class=\"l-section wpb_row height_auto width_full color_primary\"><div class=\"l-section-overlay\" style=\"background:#000000\"><\/div><div class=\"l-section-h i-cf\"><div class=\"g-cols vc_row via_grid cols_1 laptops-cols_inherit tablets-cols_inherit mobiles-cols_1 valign_top type_default stacking_default\"><div class=\"wpb_column vc_column_container\"><div class=\"vc_column-inner\"><section class=\"l-section wpb_row height_auto\"><div class=\"l-section-overlay\" style=\"background:#000000\"><\/div><div class=\"l-section-h i-cf\"><div class=\"g-cols vc_row via_grid cols_1 laptops-cols_inherit tablets-cols_inherit mobiles-cols_1 valign_top type_default stacking_default\"><div class=\"wpb_column vc_column_container\"><div class=\"vc_column-inner\"><div class=\"w-separator size_small\"><\/div><div class=\"w-separator size_small\"><\/div><\/div><\/div><\/div><\/div><\/section>\n<\/div><\/div><\/div><\/div><\/section><section class=\"l-section wpb_row height_auto width_full\"><div class=\"l-section-h i-cf\"><div class=\"g-cols vc_row via_grid cols_1 laptops-cols_inherit tablets-cols_inherit mobiles-cols_1 valign_top type_default stacking_default\"><div class=\"wpb_column vc_column_container\"><div class=\"vc_column-inner\"><section class=\"l-section wpb_row us_custom_e4988f48 has_text_color height_auto\"><div class=\"l-section-overlay\" style=\"background:#E3E4E4\"><\/div><div class=\"l-section-h i-cf\"><div class=\"g-cols vc_row via_grid cols_1 laptops-cols_inherit tablets-cols_inherit mobiles-cols_1 valign_top type_default stacking_default\"><div class=\"wpb_column vc_column_container\"><div class=\"vc_column-inner\"><nav class=\"g-breadcrumbs us_custom_492179a4 separator_icon align_left\" itemscope itemtype=\"http:\/\/schema.org\/BreadcrumbList\"><div class=\"g-breadcrumbs-item\" itemscope itemprop=\"itemListElement\" itemtype=\"http:\/\/schema.org\/ListItem\"><a itemprop=\"item\" href=\"https:\/\/turisme.mutxamel.org\/ca\/\"><span itemprop=\"name\">Inici<\/span><\/a><meta itemprop=\"position\" content=\"1\"\/><\/div><div class=\"g-breadcrumbs-separator\"><i class=\"far fa-angle-right\"><\/i><\/div><div class=\"g-breadcrumbs-item\">P\u00e0gines<\/div><\/nav><\/div><\/div><\/div><\/div><\/section><section class=\"l-section wpb_row height_auto\"><div class=\"l-section-h i-cf\"><div class=\"g-cols vc_row via_grid cols_1 laptops-cols_inherit tablets-cols_inherit mobiles-cols_1 valign_top type_default stacking_default\"><div class=\"wpb_column vc_column_container\"><div class=\"vc_column-inner\"><div class=\"w-separator size_small\"><\/div><\/div><\/div><\/div><\/div><\/section>\n<\/div><\/div><\/div><\/div><\/section>\n<\/div><\/div><\/div><\/div><\/section><section class=\"l-section wpb_row height_small\"><div class=\"l-section-h i-cf\"><div class=\"g-cols vc_row via_grid cols_1 laptops-cols_inherit tablets-cols_inherit mobiles-cols_1 valign_top type_default stacking_default\"><div class=\"wpb_column vc_column_container\"><div class=\"vc_column-inner\"><div id=\"ultimate-heading-455869e8be1f6f10a\" class=\"uvc-heading ult-adjust-bottom-margin ultimate-heading-455869e8be1f6f10a uvc-3244 \" data-hspacer=\"no_spacer\"  data-halign=\"left\" style=\"text-align:left\"><div class=\"uvc-heading-spacer no_spacer\" style=\"top\"><\/div><div class=\"uvc-main-heading ult-responsive\"  data-ultimate-target='.uvc-heading.ultimate-heading-455869e8be1f6f10a h1'  data-responsive-json-new='{\"font-size\":\"\",\"line-height\":\"\"}' ><h1 style=\"font-weight:normal;\">Festes del Ravalet<\/h1><\/div><\/div><div class=\"w-separator size_small\"><\/div><\/div><\/div><\/div><\/div><\/section><section class=\"l-section wpb_row height_auto\"><div class=\"l-section-h i-cf\"><div class=\"g-cols vc_row via_grid cols_1 laptops-cols_inherit tablets-cols_inherit mobiles-cols_1 valign_top type_default stacking_default\"><div class=\"wpb_column vc_column_container\"><div class=\"vc_column-inner\"><div class=\"wpb_text_column\"><div class=\"wpb_wrapper\"><p>Les festes del Ravalet, dedicades a la Mare de D\u00e9u de Montserrat, s\u00f3n el p\u00f2rtic dels Moros i Cristians mutxamelers. Enramats amb les banderetes de colors, els carrer estrets i la pla\u00e7a moruna s\u2019omplin de ve\u00efns i visitants que no es volen perdre la centen\u00e0ria Dans\u00e0 del migdia. En caure la nit els fidels acompanyen la imatge de la Verge en el seu recorregut t\u00edpic, fins que torna a la preciosa ermita ubicada al passeig de l\u2019Alameda.<\/p>\n<\/div><\/div><\/div><\/div><\/div><\/div><\/section><section class=\"l-section wpb_row height_large\"><div class=\"l-section-h i-cf\"><div class=\"g-cols vc_row via_grid cols_2-1 laptops-cols_inherit tablets-cols_inherit mobiles-cols_1 valign_top type_default stacking_default\"><div class=\"wpb_column vc_column_container\"><div class=\"vc_column-inner\"><div class=\"wpb_text_column\"><div class=\"wpb_wrapper\"><p><strong>PROGRAMA D\u00b4ACTES<\/strong><\/p>\n<p><strong>Divendres 6 de setembre Gran Alborada del Ravalet.<\/strong><\/p>\n<p>24:00 h: GRAN ALBORADA en l&#8217;Ermita de Montserrat, amb focs artificials. En finalitzar, GRAN VERBENA musical en la Pl. del Ravalet.<\/p>\n<p><strong>Diumenge 8 de setembre Festivitat Mare de D\u00e9u de Montserrat<\/strong><\/p>\n<p>08.00 H: DESPERT\u00c0 amb focs artificials i la \u201cCOLLA DE DOL\u00c7AINA I TABALET EL NUVOLET\u201d.<\/p>\n<p>11.30 h: OFRENA DE FLORS a la Mare de D\u00e9u de Montserrat.<\/p>\n<p>12.00 h: MISSA en l&#8217;ermita de Montserrat.<\/p>\n<p>13.00 h: DEGUSTACI\u00d3 de cervesa.<\/p>\n<p>14.00 h: GRAN TRACA TERRATR\u00c8MOL i DANS\u00c0 tradicional.<\/p>\n<p>20.30 h: PROCESS\u00d3, eixida des de l&#8217;ermita de Montserrat que recorrer\u00e0 els carrers del Ravalet i el Poble Nou. A continuaci\u00f3:\u00a0 Focs Artificials.<\/p>\n<p>23.00 h: GRAN VERBENA musical en la Pl. del Ravalet.<\/p>\n<\/div><\/div><\/div><\/div><div class=\"wpb_column vc_column_container\"><div class=\"vc_column-inner\"><div class=\"w-image align_none\"><a ref=\"magnificPopup\" href=\"https:\/\/turisme.mutxamel.org\/wp-content\/uploads\/2024\/08\/Ravalet_molt_mes_que_una_placa_calidad-mas-baja-scaled.jpg\" aria-label=\"Ravalet_molt_me\u0301s_que_una_plac\u0327a_calidad m\u00e1s baja\" class=\"w-image-h\"><img decoding=\"async\" width=\"731\" height=\"1024\" src=\"https:\/\/turisme.mutxamel.org\/wp-content\/uploads\/2024\/08\/Ravalet_molt_mes_que_una_placa_calidad-mas-baja-731x1024.jpg\" class=\"attachment-large size-large\" alt=\"festes el ravalet\" loading=\"lazy\" srcset=\"https:\/\/turisme.mutxamel.org\/wp-content\/uploads\/2024\/08\/Ravalet_molt_mes_que_una_placa_calidad-mas-baja-731x1024.jpg 731w, https:\/\/turisme.mutxamel.org\/wp-content\/uploads\/2024\/08\/Ravalet_molt_mes_que_una_placa_calidad-mas-baja-214x300.jpg 214w, https:\/\/turisme.mutxamel.org\/wp-content\/uploads\/2024\/08\/Ravalet_molt_mes_que_una_placa_calidad-mas-baja-scaled.jpg 1829w\" sizes=\"auto, (max-width: 731px) 100vw, 731px\" \/><\/a><\/div><div class=\"w-btn-wrapper align_none\"><a class=\"w-btn us-btn-style_1 icon_atleft\" target=\"_blank\" href=\"https:\/\/turisme.mutxamel.org\/wp-content\/uploads\/2024\/08\/Folleto-El-Ravalet-2024-baja-resolucion.pdf\"><i class=\"fal fa-file-pdf\"><\/i><span class=\"w-btn-label\">Festes El Ravalet 2024<\/span><\/a><\/div><\/div><\/div><\/div><\/div><\/section><section class=\"l-section wpb_row height_large\"><div class=\"l-section-h i-cf\"><div class=\"g-cols vc_row via_grid cols_1 laptops-cols_inherit tablets-cols_inherit mobiles-cols_1 valign_top type_default stacking_default\"><div class=\"wpb_column vc_column_container\"><div class=\"vc_column-inner\"><div class=\"w-gallery fit_cover type_metro_3 action_popup_image ratio_1x1 count_5\" style=\"--columns:4;--items-gap:10px;\"><div class=\"w-gallery-list\"><div class=\"w-gallery-item\"><div class=\"w-gallery-item-img\"><img loading=\"lazy\" decoding=\"async\" width=\"2560\" height=\"1852\" src=\"https:\/\/turisme.mutxamel.org\/wp-content\/uploads\/2023\/11\/ravalet_mascleta-scaled.jpg\" class=\"attachment-full size-full\" alt=\"Fiestas Ravalet\" srcset=\"https:\/\/turisme.mutxamel.org\/wp-content\/uploads\/2023\/11\/ravalet_mascleta-scaled.jpg 2560w, https:\/\/turisme.mutxamel.org\/wp-content\/uploads\/2023\/11\/ravalet_mascleta-300x217.jpg 300w, https:\/\/turisme.mutxamel.org\/wp-content\/uploads\/2023\/11\/ravalet_mascleta-1024x741.jpg 1024w\" sizes=\"auto, (max-width: 2560px) 100vw, 2560px\" \/><\/div><a class=\"w-gallery-item-link\" aria-label=\"Fiestas Ravalet\" href=\"https:\/\/turisme.mutxamel.org\/wp-content\/uploads\/2023\/11\/ravalet_mascleta-scaled.jpg\"><\/a><\/div><div class=\"w-gallery-item\"><div class=\"w-gallery-item-img\"><img loading=\"lazy\" decoding=\"async\" width=\"960\" height=\"640\" src=\"https:\/\/turisme.mutxamel.org\/wp-content\/uploads\/2023\/11\/ravalet_acastillo_2.jpg\" class=\"attachment-full size-full\" alt=\"Fiestas Ravalet\" srcset=\"https:\/\/turisme.mutxamel.org\/wp-content\/uploads\/2023\/11\/ravalet_acastillo_2.jpg 960w, https:\/\/turisme.mutxamel.org\/wp-content\/uploads\/2023\/11\/ravalet_acastillo_2-300x200.jpg 300w\" sizes=\"auto, (max-width: 960px) 100vw, 960px\" \/><\/div><a class=\"w-gallery-item-link\" aria-label=\"Fiestas Ravalet\" href=\"https:\/\/turisme.mutxamel.org\/wp-content\/uploads\/2023\/11\/ravalet_acastillo_2.jpg\"><\/a><\/div><div class=\"w-gallery-item\"><div class=\"w-gallery-item-img\"><img loading=\"lazy\" decoding=\"async\" width=\"960\" height=\"720\" src=\"https:\/\/turisme.mutxamel.org\/wp-content\/uploads\/2023\/11\/ravalet_3.jpg\" class=\"attachment-full size-full\" alt=\"Fiestas Ravalet\" srcset=\"https:\/\/turisme.mutxamel.org\/wp-content\/uploads\/2023\/11\/ravalet_3.jpg 960w, https:\/\/turisme.mutxamel.org\/wp-content\/uploads\/2023\/11\/ravalet_3-300x225.jpg 300w\" sizes=\"auto, (max-width: 960px) 100vw, 960px\" \/><\/div><a class=\"w-gallery-item-link\" aria-label=\"Fiestas Ravalet\" href=\"https:\/\/turisme.mutxamel.org\/wp-content\/uploads\/2023\/11\/ravalet_3.jpg\"><\/a><\/div><div class=\"w-gallery-item\"><div class=\"w-gallery-item-img\"><img loading=\"lazy\" decoding=\"async\" width=\"2560\" height=\"1920\" src=\"https:\/\/turisme.mutxamel.org\/wp-content\/uploads\/2023\/11\/ravalet_2dansa-scaled.jpg\" class=\"attachment-full size-full\" alt=\"Fiestas Ravalet\" srcset=\"https:\/\/turisme.mutxamel.org\/wp-content\/uploads\/2023\/11\/ravalet_2dansa-scaled.jpg 2560w, https:\/\/turisme.mutxamel.org\/wp-content\/uploads\/2023\/11\/ravalet_2dansa-300x225.jpg 300w, https:\/\/turisme.mutxamel.org\/wp-content\/uploads\/2023\/11\/ravalet_2dansa-1024x768.jpg 1024w\" sizes=\"auto, (max-width: 2560px) 100vw, 2560px\" \/><\/div><a class=\"w-gallery-item-link\" aria-label=\"OLYMPUS DIGITAL CAMERA\" href=\"https:\/\/turisme.mutxamel.org\/wp-content\/uploads\/2023\/11\/ravalet_2dansa-scaled.jpg\"><\/a><\/div><div class=\"w-gallery-item\"><div class=\"w-gallery-item-img\"><img loading=\"lazy\" decoding=\"async\" width=\"2560\" height=\"1707\" src=\"https:\/\/turisme.mutxamel.org\/wp-content\/uploads\/2023\/11\/FIESTA-EL-RAVALET-2-scaled.jpg\" class=\"attachment-full size-full\" alt=\"Fiestas Ravalet\" srcset=\"https:\/\/turisme.mutxamel.org\/wp-content\/uploads\/2023\/11\/FIESTA-EL-RAVALET-2-scaled.jpg 2560w, https:\/\/turisme.mutxamel.org\/wp-content\/uploads\/2023\/11\/FIESTA-EL-RAVALET-2-300x200.jpg 300w, https:\/\/turisme.mutxamel.org\/wp-content\/uploads\/2023\/11\/FIESTA-EL-RAVALET-2-1024x683.jpg 1024w\" sizes=\"auto, (max-width: 2560px) 100vw, 2560px\" \/><\/div><a class=\"w-gallery-item-link\" aria-label=\"Fiestas Ravalet\" href=\"https:\/\/turisme.mutxamel.org\/wp-content\/uploads\/2023\/11\/FIESTA-EL-RAVALET-2-scaled.jpg\"><\/a><\/div><\/div><\/div><\/div><\/div><\/div><\/div><\/section><section class=\"l-section wpb_row height_auto\"><div class=\"l-section-overlay\" style=\"background:#E3E4E4\"><\/div><div class=\"l-section-h i-cf\"><div class=\"g-cols vc_row via_grid cols_1 laptops-cols_inherit tablets-cols_inherit mobiles-cols_1 valign_top type_default stacking_default\" style=\"--columns-gap:0rem;\"><div class=\"wpb_column vc_column_container\"><div class=\"vc_column-inner\"><section class=\"l-section wpb_row us_custom_8591a7b2 height_medium\" id=\"fila-otros-elementos\"><div class=\"l-section-overlay\" style=\"background:#E3E4E4\"><\/div><div class=\"l-section-h i-cf\"><div class=\"g-cols vc_row via_grid cols_1 laptops-cols_inherit tablets-cols_inherit mobiles-cols_1 valign_top type_default stacking_default\" style=\"--columns-gap:0rem;\"><div class=\"wpb_column vc_column_container us_custom_8591a7b2\"><div class=\"vc_column-inner\"><\/div><\/div><\/div><\/div><\/section>\n<\/div><\/div><\/div><\/div><\/section>\n","protected":false},"excerpt":{"rendered":"QU\u00c8 VEURE IniciP\u00e0gines Festes del RavaletLes festes del Ravalet, dedicades a la Mare de D\u00e9u de Montserrat, s\u00f3n el p\u00f2rtic dels Moros i Cristians mutxamelers. Enramats amb les banderetes de colors, els carrer estrets i la pla\u00e7a moruna s\u2019omplin de ve\u00efns i visitants que no es volen perdre la centen\u00e0ria Dans\u00e0 del migdia. En caure...","protected":false},"author":1,"featured_media":565,"parent":1265,"menu_order":50,"comment_status":"closed","ping_status":"closed","template":"","meta":{"footnotes":""},"clasificacion":[15],"class_list":["post-1288","page","type-page","status-publish","has-post-thumbnail","hentry","clasificacion-fiestas"],"yoast_head":"<!-- This site is optimized with the Yoast SEO plugin v27.2 - https:\/\/yoast.com\/product\/yoast-seo-wordpress\/ -->\n<title>Festes del Ravalet - Turismo Mutxamel<\/title>\n<meta name=\"robots\" content=\"index, follow, max-snippet:-1, max-image-preview:large, max-video-preview:-1\" \/>\n<link rel=\"canonical\" href=\"https:\/\/turisme.mutxamel.org\/ca\/festes\/festes-del-ravalet\/\" \/>\n<meta property=\"og:locale\" content=\"ca_ES\" \/>\n<meta property=\"og:type\" content=\"article\" \/>\n<meta property=\"og:title\" content=\"Festes del Ravalet - Turismo Mutxamel\" \/>\n<meta property=\"og:url\" content=\"https:\/\/turisme.mutxamel.org\/ca\/festes\/festes-del-ravalet\/\" \/>\n<meta property=\"og:site_name\" content=\"Turismo Mutxamel\" \/>\n<meta property=\"article:publisher\" content=\"https:\/\/www.facebook.com\/mutxamelturismo\" \/>\n<meta property=\"article:modified_time\" content=\"2024-08-30T11:50:20+00:00\" \/>\n<meta property=\"og:image\" content=\"https:\/\/turisme.mutxamel.org\/wp-content\/uploads\/2023\/11\/ravalet_acastillo_2.jpg\" \/>\n\t<meta property=\"og:image:width\" content=\"960\" \/>\n\t<meta property=\"og:image:height\" content=\"640\" \/>\n\t<meta property=\"og:image:type\" content=\"image\/jpeg\" \/>\n<meta name=\"twitter:card\" content=\"summary_large_image\" \/>\n<meta name=\"twitter:label1\" content=\"Temps estimat de lectura\" \/>\n\t<meta name=\"twitter:data1\" content=\"2 minuts\" \/>\n<script type=\"application\/ld+json\" class=\"yoast-schema-graph\">{\"@context\":\"https:\/\/schema.org\",\"@graph\":[{\"@type\":\"WebPage\",\"@id\":\"https:\/\/turisme.mutxamel.org\/ca\/festes\/festes-del-ravalet\/\",\"url\":\"https:\/\/turisme.mutxamel.org\/ca\/festes\/festes-del-ravalet\/\",\"name\":\"Festes del Ravalet - Turismo Mutxamel\",\"isPartOf\":{\"@id\":\"https:\/\/turisme.mutxamel.org\/ca\/#website\"},\"primaryImageOfPage\":{\"@id\":\"https:\/\/turisme.mutxamel.org\/ca\/festes\/festes-del-ravalet\/#primaryimage\"},\"image\":{\"@id\":\"https:\/\/turisme.mutxamel.org\/ca\/festes\/festes-del-ravalet\/#primaryimage\"},\"thumbnailUrl\":\"https:\/\/turisme.mutxamel.org\/wp-content\/uploads\/2023\/11\/ravalet_acastillo_2.jpg\",\"datePublished\":\"2023-11-10T14:42:34+00:00\",\"dateModified\":\"2024-08-30T11:50:20+00:00\",\"breadcrumb\":{\"@id\":\"https:\/\/turisme.mutxamel.org\/ca\/festes\/festes-del-ravalet\/#breadcrumb\"},\"inLanguage\":\"ca\",\"potentialAction\":[{\"@type\":\"ReadAction\",\"target\":[\"https:\/\/turisme.mutxamel.org\/ca\/festes\/festes-del-ravalet\/\"]}]},{\"@type\":\"ImageObject\",\"inLanguage\":\"ca\",\"@id\":\"https:\/\/turisme.mutxamel.org\/ca\/festes\/festes-del-ravalet\/#primaryimage\",\"url\":\"https:\/\/turisme.mutxamel.org\/wp-content\/uploads\/2023\/11\/ravalet_acastillo_2.jpg\",\"contentUrl\":\"https:\/\/turisme.mutxamel.org\/wp-content\/uploads\/2023\/11\/ravalet_acastillo_2.jpg\",\"width\":960,\"height\":640,\"caption\":\"Fiestas Ravalet\"},{\"@type\":\"BreadcrumbList\",\"@id\":\"https:\/\/turisme.mutxamel.org\/ca\/festes\/festes-del-ravalet\/#breadcrumb\",\"itemListElement\":[{\"@type\":\"ListItem\",\"position\":1,\"name\":\"Portada\",\"item\":\"https:\/\/turisme.mutxamel.org\/ca\/inicio\/\"},{\"@type\":\"ListItem\",\"position\":2,\"name\":\"Festes\",\"item\":\"https:\/\/turisme.mutxamel.org\/ca\/festes\/\"},{\"@type\":\"ListItem\",\"position\":3,\"name\":\"Festes del Ravalet\"}]},{\"@type\":\"WebSite\",\"@id\":\"https:\/\/turisme.mutxamel.org\/ca\/#website\",\"url\":\"https:\/\/turisme.mutxamel.org\/ca\/\",\"name\":\"Turismo Mutxamel\",\"description\":\"\",\"publisher\":{\"@id\":\"https:\/\/turisme.mutxamel.org\/ca\/#organization\"},\"potentialAction\":[{\"@type\":\"SearchAction\",\"target\":{\"@type\":\"EntryPoint\",\"urlTemplate\":\"https:\/\/turisme.mutxamel.org\/ca\/?s={search_term_string}\"},\"query-input\":{\"@type\":\"PropertyValueSpecification\",\"valueRequired\":true,\"valueName\":\"search_term_string\"}}],\"inLanguage\":\"ca\"},{\"@type\":\"Organization\",\"@id\":\"https:\/\/turisme.mutxamel.org\/ca\/#organization\",\"name\":\"Turismo Mutxamel\",\"url\":\"https:\/\/turisme.mutxamel.org\/ca\/\",\"logo\":{\"@type\":\"ImageObject\",\"inLanguage\":\"ca\",\"@id\":\"https:\/\/turisme.mutxamel.org\/ca\/#\/schema\/logo\/image\/\",\"url\":\"https:\/\/turisme.mutxamel.org\/wp-content\/uploads\/2024\/01\/logo-turismo-mutxamel.jpg\",\"contentUrl\":\"https:\/\/turisme.mutxamel.org\/wp-content\/uploads\/2024\/01\/logo-turismo-mutxamel.jpg\",\"width\":195,\"height\":81,\"caption\":\"Turismo Mutxamel\"},\"image\":{\"@id\":\"https:\/\/turisme.mutxamel.org\/ca\/#\/schema\/logo\/image\/\"},\"sameAs\":[\"https:\/\/www.facebook.com\/mutxamelturismo\",\"https:\/\/www.instagram.com\/mutxamelturismo\/\",\"https:\/\/www.youtube.com\/aytomutxamel\"]}]}<\/script>\n<!-- \/ Yoast SEO plugin. -->","yoast_head_json":{"title":"Festes del Ravalet - Turismo Mutxamel","robots":{"index":"index","follow":"follow","max-snippet":"max-snippet:-1","max-image-preview":"max-image-preview:large","max-video-preview":"max-video-preview:-1"},"canonical":"https:\/\/turisme.mutxamel.org\/ca\/festes\/festes-del-ravalet\/","og_locale":"ca_ES","og_type":"article","og_title":"Festes del Ravalet - Turismo Mutxamel","og_url":"https:\/\/turisme.mutxamel.org\/ca\/festes\/festes-del-ravalet\/","og_site_name":"Turismo Mutxamel","article_publisher":"https:\/\/www.facebook.com\/mutxamelturismo","article_modified_time":"2024-08-30T11:50:20+00:00","og_image":[{"width":960,"height":640,"url":"https:\/\/turisme.mutxamel.org\/wp-content\/uploads\/2023\/11\/ravalet_acastillo_2.jpg","type":"image\/jpeg"}],"twitter_card":"summary_large_image","twitter_misc":{"Temps estimat de lectura":"2 minuts"},"schema":{"@context":"https:\/\/schema.org","@graph":[{"@type":"WebPage","@id":"https:\/\/turisme.mutxamel.org\/ca\/festes\/festes-del-ravalet\/","url":"https:\/\/turisme.mutxamel.org\/ca\/festes\/festes-del-ravalet\/","name":"Festes del Ravalet - Turismo Mutxamel","isPartOf":{"@id":"https:\/\/turisme.mutxamel.org\/ca\/#website"},"primaryImageOfPage":{"@id":"https:\/\/turisme.mutxamel.org\/ca\/festes\/festes-del-ravalet\/#primaryimage"},"image":{"@id":"https:\/\/turisme.mutxamel.org\/ca\/festes\/festes-del-ravalet\/#primaryimage"},"thumbnailUrl":"https:\/\/turisme.mutxamel.org\/wp-content\/uploads\/2023\/11\/ravalet_acastillo_2.jpg","datePublished":"2023-11-10T14:42:34+00:00","dateModified":"2024-08-30T11:50:20+00:00","breadcrumb":{"@id":"https:\/\/turisme.mutxamel.org\/ca\/festes\/festes-del-ravalet\/#breadcrumb"},"inLanguage":"ca","potentialAction":[{"@type":"ReadAction","target":["https:\/\/turisme.mutxamel.org\/ca\/festes\/festes-del-ravalet\/"]}]},{"@type":"ImageObject","inLanguage":"ca","@id":"https:\/\/turisme.mutxamel.org\/ca\/festes\/festes-del-ravalet\/#primaryimage","url":"https:\/\/turisme.mutxamel.org\/wp-content\/uploads\/2023\/11\/ravalet_acastillo_2.jpg","contentUrl":"https:\/\/turisme.mutxamel.org\/wp-content\/uploads\/2023\/11\/ravalet_acastillo_2.jpg","width":960,"height":640,"caption":"Fiestas Ravalet"},{"@type":"BreadcrumbList","@id":"https:\/\/turisme.mutxamel.org\/ca\/festes\/festes-del-ravalet\/#breadcrumb","itemListElement":[{"@type":"ListItem","position":1,"name":"Portada","item":"https:\/\/turisme.mutxamel.org\/ca\/inicio\/"},{"@type":"ListItem","position":2,"name":"Festes","item":"https:\/\/turisme.mutxamel.org\/ca\/festes\/"},{"@type":"ListItem","position":3,"name":"Festes del Ravalet"}]},{"@type":"WebSite","@id":"https:\/\/turisme.mutxamel.org\/ca\/#website","url":"https:\/\/turisme.mutxamel.org\/ca\/","name":"Turismo Mutxamel","description":"","publisher":{"@id":"https:\/\/turisme.mutxamel.org\/ca\/#organization"},"potentialAction":[{"@type":"SearchAction","target":{"@type":"EntryPoint","urlTemplate":"https:\/\/turisme.mutxamel.org\/ca\/?s={search_term_string}"},"query-input":{"@type":"PropertyValueSpecification","valueRequired":true,"valueName":"search_term_string"}}],"inLanguage":"ca"},{"@type":"Organization","@id":"https:\/\/turisme.mutxamel.org\/ca\/#organization","name":"Turismo Mutxamel","url":"https:\/\/turisme.mutxamel.org\/ca\/","logo":{"@type":"ImageObject","inLanguage":"ca","@id":"https:\/\/turisme.mutxamel.org\/ca\/#\/schema\/logo\/image\/","url":"https:\/\/turisme.mutxamel.org\/wp-content\/uploads\/2024\/01\/logo-turismo-mutxamel.jpg","contentUrl":"https:\/\/turisme.mutxamel.org\/wp-content\/uploads\/2024\/01\/logo-turismo-mutxamel.jpg","width":195,"height":81,"caption":"Turismo Mutxamel"},"image":{"@id":"https:\/\/turisme.mutxamel.org\/ca\/#\/schema\/logo\/image\/"},"sameAs":["https:\/\/www.facebook.com\/mutxamelturismo","https:\/\/www.instagram.com\/mutxamelturismo\/","https:\/\/www.youtube.com\/aytomutxamel"]}]}},"_links":{"self":[{"href":"https:\/\/turisme.mutxamel.org\/ca\/wp-json\/wp\/v2\/pages\/1288","targetHints":{"allow":["GET"]}}],"collection":[{"href":"https:\/\/turisme.mutxamel.org\/ca\/wp-json\/wp\/v2\/pages"}],"about":[{"href":"https:\/\/turisme.mutxamel.org\/ca\/wp-json\/wp\/v2\/types\/page"}],"author":[{"embeddable":true,"href":"https:\/\/turisme.mutxamel.org\/ca\/wp-json\/wp\/v2\/users\/1"}],"replies":[{"embeddable":true,"href":"https:\/\/turisme.mutxamel.org\/ca\/wp-json\/wp\/v2\/comments?post=1288"}],"version-history":[{"count":3,"href":"https:\/\/turisme.mutxamel.org\/ca\/wp-json\/wp\/v2\/pages\/1288\/revisions"}],"predecessor-version":[{"id":14394,"href":"https:\/\/turisme.mutxamel.org\/ca\/wp-json\/wp\/v2\/pages\/1288\/revisions\/14394"}],"up":[{"embeddable":true,"href":"https:\/\/turisme.mutxamel.org\/ca\/wp-json\/wp\/v2\/pages\/1265"}],"wp:featuredmedia":[{"embeddable":true,"href":"https:\/\/turisme.mutxamel.org\/ca\/wp-json\/wp\/v2\/media\/565"}],"wp:attachment":[{"href":"https:\/\/turisme.mutxamel.org\/ca\/wp-json\/wp\/v2\/media?parent=1288"}],"wp:term":[{"taxonomy":"clasificacion","embeddable":true,"href":"https:\/\/turisme.mutxamel.org\/ca\/wp-json\/wp\/v2\/clasificacion?post=1288"}],"curies":[{"name":"wp","href":"https:\/\/api.w.org\/{rel}","templated":true}]}}