{"id":16010,"date":"2025-07-29T08:53:21","date_gmt":"2025-07-29T06:53:21","guid":{"rendered":"https:\/\/turisme.mutxamel.org\/felicitaciones-quejas-y-sugerencias\/"},"modified":"2026-02-09T11:05:48","modified_gmt":"2026-02-09T10:05:48","slug":"felicitaciones-quejas-y-sugerencias","status":"publish","type":"page","link":"https:\/\/turisme.mutxamel.org\/ca\/felicitaciones-quejas-y-sugerencias\/","title":{"rendered":"Felicitacions, queixes i suggeriments"},"content":{"rendered":"<section class=\"l-section wpb_row height_auto width_full\"><div class=\"l-section-h i-cf\"><div class=\"g-cols vc_row via_grid cols_1 laptops-cols_inherit tablets-cols_inherit mobiles-cols_1 valign_top type_default stacking_default\"><div class=\"wpb_column vc_column_container\"><div class=\"vc_column-inner\"><section class=\"l-section wpb_row us_custom_d4a759fd height_auto width_full with_img\"><div class=\"l-section-img\" role=\"img\" aria-label=\"Mutxamel vista a\u00e9rea\" data-img-width=\"1340\" data-img-height=\"250\" style=\"background-image: url(https:\/\/turisme.mutxamel.org\/wp-content\/uploads\/2023\/11\/bg-planifica.jpg);background-position: bottom center;background-repeat: no-repeat;\"><\/div><div class=\"l-section-overlay\" style=\"background:rgba(13,131,62,0.80)\"><\/div><div class=\"l-section-h i-cf\"><div class=\"g-cols vc_row via_grid cols_1 laptops-cols_inherit tablets-cols_inherit mobiles-cols_1 valign_top type_default stacking_default\"><div class=\"wpb_column vc_column_container us_custom_eb849559\"><div class=\"vc_column-inner\"><div class=\"wpb_text_column us_custom_3e734877 has_text_color\"><div class=\"wpb_wrapper\"><p>PLANIFICA EL TEU VIATGE<\/p>\n<\/div><\/div><\/div><\/div><\/div><\/div><\/section><section class=\"l-section wpb_row height_auto width_full type_sticky\"><div class=\"l-section-h i-cf\"><div class=\"g-cols vc_row via_grid cols_1 laptops-cols_inherit tablets-cols_inherit mobiles-cols_1 valign_top type_default stacking_default\"><div class=\"wpb_column vc_column_container\"><div class=\"vc_column-inner\"><section class=\"l-section wpb_row us_custom_e4988f48 has_text_color height_auto\"><div class=\"l-section-overlay\" style=\"background:#E3E4E4\"><\/div><div class=\"l-section-h i-cf\"><div class=\"g-cols vc_row via_grid cols_1 laptops-cols_inherit tablets-cols_inherit mobiles-cols_1 valign_top type_default stacking_default\"><div class=\"wpb_column vc_column_container\"><div class=\"vc_column-inner\"><nav class=\"g-breadcrumbs us_custom_492179a4 separator_icon align_left\" itemscope itemtype=\"http:\/\/schema.org\/BreadcrumbList\"><div class=\"g-breadcrumbs-item\" itemscope itemprop=\"itemListElement\" itemtype=\"http:\/\/schema.org\/ListItem\"><a itemprop=\"item\" href=\"https:\/\/turisme.mutxamel.org\/ca\/\"><span itemprop=\"name\">Inici<\/span><\/a><meta itemprop=\"position\" content=\"1\"\/><\/div><div class=\"g-breadcrumbs-separator\"><i class=\"far fa-angle-right\"><\/i><\/div><div class=\"g-breadcrumbs-item\">P\u00e0gines<\/div><\/nav><\/div><\/div><\/div><\/div><\/section><section class=\"l-section wpb_row height_auto\"><div class=\"l-section-h i-cf\"><div class=\"g-cols vc_row via_grid cols_1 laptops-cols_inherit tablets-cols_inherit mobiles-cols_1 valign_top type_default stacking_default\"><div class=\"wpb_column vc_column_container\"><div class=\"vc_column-inner\"><div class=\"w-separator size_small\"><\/div><\/div><\/div><\/div><\/div><\/section>\n<\/div><\/div><\/div><\/div><\/section>\n<\/div><\/div><\/div><\/div><\/section><section class=\"l-section wpb_row height_small\"><div class=\"l-section-h i-cf\"><div class=\"g-cols vc_row via_grid cols_2 laptops-cols_inherit tablets-cols_inherit mobiles-cols_1 valign_top type_default stacking_default\"><div class=\"wpb_column vc_column_container\"><div class=\"vc_column-inner\"><div id=\"ultimate-heading-305669e8bd891a19e\" class=\"uvc-heading ult-adjust-bottom-margin ultimate-heading-305669e8bd891a19e uvc-6567 \" data-hspacer=\"no_spacer\"  data-halign=\"left\" style=\"text-align:left\"><div class=\"uvc-heading-spacer no_spacer\" style=\"top\"><\/div><div class=\"uvc-main-heading ult-responsive\"  data-ultimate-target='.uvc-heading.ultimate-heading-305669e8bd891a19e h1'  data-responsive-json-new='{\"font-size\":\"\",\"line-height\":\"\"}' ><h1 style=\"font-weight:normal;\">Felicitacions, queixes i suggeriments<\/h1><\/div><\/div><div class=\"w-separator size_small\"><\/div><div class=\"wpb_text_column\"><div class=\"wpb_wrapper\"><p data-start=\"142\" data-end=\"189\"><strong data-start=\"142\" data-end=\"189\">Atenci\u00f3 al visitant: Felicitaciones, queixes i suggeriments<\/strong><\/p>\n<p data-start=\"191\" data-end=\"455\">Volem que la teua experi\u00e8ncia en la nostra ciutat siga inoblidable. Per aix\u00f2, posem a la teua disposici\u00f3 tota la informaci\u00f3 necess\u00e0ria sobre els nostres serveis d\u2019atenci\u00f3 al visitant.<br data-start=\"374\" data-end=\"377\" \/>Ac\u00ed podr\u00e0s fer-nos arribar les teues<span><strong> felicitaciones,<\/strong> <\/span><strong data-start=\"414\" data-end=\"454\">suggeriments, queixes o reclamacions<\/strong>.<\/p>\n<p data-start=\"457\" data-end=\"549\">Estem ac\u00ed per a ajudar-te i assegurar-nos que gaudisques de cada moment en la nostra ciutat.<\/p>\n<p data-start=\"197\" data-end=\"544\"><strong>EN L&#8217;AJUNTAMENT DE MUTXAMEL:\u00a0<\/strong><\/p>\n<ul>\n<li data-start=\"197\" data-end=\"544\"><a href=\"https:\/\/sedeelectronica.mutxamel.org\/eAdmin\/Registrar.do?action=comenzar&amp;tipoReg=18\" target=\"_blank\" rel=\"noopener\">Seu Electr\u00f2nica Ajuntament Mutxamel<\/a><\/li>\n<\/ul>\n<p data-start=\"197\" data-end=\"544\"><strong>EN LA GENERALITAT VALENCIANA:<\/strong><\/p>\n<ul>\n<li><a href=\"https:\/\/www.gva.es\/es\/inicio\/procedimientos?id_proc=1236\" target=\"_blank\" rel=\"noopener\"><em><span>Funcionament de l&#8217;Administraci\u00f3 de la Generalitat<\/span><\/em><\/a><\/li>\n<li><a href=\"https:\/\/www.gva.es\/es\/inicio\/procedimientos?id_proc=1915\" target=\"_blank\" rel=\"noopener\"><em>Reclamacions de l&#8217;Oferta Tur\u00edstica<\/em><\/a><\/li>\n<\/ul>\n<\/div><\/div><\/div><\/div><div class=\"wpb_column vc_column_container Middle\"><div class=\"vc_column-inner\"><div class=\"w-separator size_large\"><\/div><div class=\"w-btn-wrapper align_none\"><a class=\"w-btn us-btn-style_1 icon_atleft\" target=\"_blank\" href=\"https:\/\/turisme.mutxamel.org\/wp-content\/uploads\/2025\/07\/Folleto-atencion-al-turista-VALENCIA.pdf\"><i class=\"fal fa-file-pdf\"><\/i><span class=\"w-btn-label\">Fullet d&#8217;Atenci\u00f3n al Turista<\/span><\/a><\/div><\/div><\/div><\/div><\/div><\/section>\n","protected":false},"excerpt":{"rendered":"PLANIFICA EL TEU VIATGE IniciP\u00e0gines Felicitacions, queixes i suggerimentsAtenci\u00f3 al visitant: Felicitaciones, queixes i suggeriments Volem que la teua experi\u00e8ncia en la nostra ciutat siga inoblidable. Per aix\u00f2, posem a la teua disposici\u00f3 tota la informaci\u00f3 necess\u00e0ria sobre els nostres serveis d\u2019atenci\u00f3 al visitant.Ac\u00ed podr\u00e0s fer-nos arribar les teues felicitaciones, suggeriments, queixes o reclamacions. Estem...","protected":false},"author":5,"featured_media":0,"parent":0,"menu_order":26,"comment_status":"closed","ping_status":"closed","template":"","meta":{"footnotes":""},"clasificacion":[],"class_list":["post-16010","page","type-page","status-publish","hentry"],"yoast_head":"<!-- This site is optimized with the Yoast SEO plugin v27.2 - https:\/\/yoast.com\/product\/yoast-seo-wordpress\/ -->\n<title>Felicitacions, queixes i suggeriments - Turismo Mutxamel<\/title>\n<meta name=\"robots\" content=\"index, follow, max-snippet:-1, max-image-preview:large, max-video-preview:-1\" \/>\n<link rel=\"canonical\" href=\"https:\/\/turisme.mutxamel.org\/ca\/felicitaciones-quejas-y-sugerencias\/\" \/>\n<meta property=\"og:locale\" content=\"ca_ES\" \/>\n<meta property=\"og:type\" content=\"article\" \/>\n<meta property=\"og:title\" content=\"Felicitacions, queixes i suggeriments - Turismo Mutxamel\" \/>\n<meta property=\"og:url\" content=\"https:\/\/turisme.mutxamel.org\/ca\/felicitaciones-quejas-y-sugerencias\/\" \/>\n<meta property=\"og:site_name\" content=\"Turismo Mutxamel\" \/>\n<meta property=\"article:publisher\" content=\"https:\/\/www.facebook.com\/mutxamelturismo\" \/>\n<meta property=\"article:modified_time\" content=\"2026-02-09T10:05:48+00:00\" \/>\n<meta name=\"twitter:card\" content=\"summary_large_image\" \/>\n<meta name=\"twitter:label1\" content=\"Temps estimat de lectura\" \/>\n\t<meta name=\"twitter:data1\" content=\"1 minut\" \/>\n<script type=\"application\/ld+json\" class=\"yoast-schema-graph\">{\"@context\":\"https:\/\/schema.org\",\"@graph\":[{\"@type\":\"WebPage\",\"@id\":\"https:\/\/turisme.mutxamel.org\/ca\/felicitaciones-quejas-y-sugerencias\/\",\"url\":\"https:\/\/turisme.mutxamel.org\/ca\/felicitaciones-quejas-y-sugerencias\/\",\"name\":\"Felicitacions, queixes i suggeriments - Turismo Mutxamel\",\"isPartOf\":{\"@id\":\"https:\/\/turisme.mutxamel.org\/ca\/#website\"},\"datePublished\":\"2025-07-29T06:53:21+00:00\",\"dateModified\":\"2026-02-09T10:05:48+00:00\",\"breadcrumb\":{\"@id\":\"https:\/\/turisme.mutxamel.org\/ca\/felicitaciones-quejas-y-sugerencias\/#breadcrumb\"},\"inLanguage\":\"ca\",\"potentialAction\":[{\"@type\":\"ReadAction\",\"target\":[\"https:\/\/turisme.mutxamel.org\/ca\/felicitaciones-quejas-y-sugerencias\/\"]}]},{\"@type\":\"BreadcrumbList\",\"@id\":\"https:\/\/turisme.mutxamel.org\/ca\/felicitaciones-quejas-y-sugerencias\/#breadcrumb\",\"itemListElement\":[{\"@type\":\"ListItem\",\"position\":1,\"name\":\"Portada\",\"item\":\"https:\/\/turisme.mutxamel.org\/ca\/inicio\/\"},{\"@type\":\"ListItem\",\"position\":2,\"name\":\"Felicitacions, queixes i suggeriments\"}]},{\"@type\":\"WebSite\",\"@id\":\"https:\/\/turisme.mutxamel.org\/ca\/#website\",\"url\":\"https:\/\/turisme.mutxamel.org\/ca\/\",\"name\":\"Turismo Mutxamel\",\"description\":\"\",\"publisher\":{\"@id\":\"https:\/\/turisme.mutxamel.org\/ca\/#organization\"},\"potentialAction\":[{\"@type\":\"SearchAction\",\"target\":{\"@type\":\"EntryPoint\",\"urlTemplate\":\"https:\/\/turisme.mutxamel.org\/ca\/?s={search_term_string}\"},\"query-input\":{\"@type\":\"PropertyValueSpecification\",\"valueRequired\":true,\"valueName\":\"search_term_string\"}}],\"inLanguage\":\"ca\"},{\"@type\":\"Organization\",\"@id\":\"https:\/\/turisme.mutxamel.org\/ca\/#organization\",\"name\":\"Turismo Mutxamel\",\"url\":\"https:\/\/turisme.mutxamel.org\/ca\/\",\"logo\":{\"@type\":\"ImageObject\",\"inLanguage\":\"ca\",\"@id\":\"https:\/\/turisme.mutxamel.org\/ca\/#\/schema\/logo\/image\/\",\"url\":\"https:\/\/turisme.mutxamel.org\/wp-content\/uploads\/2024\/01\/logo-turismo-mutxamel.jpg\",\"contentUrl\":\"https:\/\/turisme.mutxamel.org\/wp-content\/uploads\/2024\/01\/logo-turismo-mutxamel.jpg\",\"width\":195,\"height\":81,\"caption\":\"Turismo Mutxamel\"},\"image\":{\"@id\":\"https:\/\/turisme.mutxamel.org\/ca\/#\/schema\/logo\/image\/\"},\"sameAs\":[\"https:\/\/www.facebook.com\/mutxamelturismo\",\"https:\/\/www.instagram.com\/mutxamelturismo\/\",\"https:\/\/www.youtube.com\/aytomutxamel\"]}]}<\/script>\n<!-- \/ Yoast SEO plugin. -->","yoast_head_json":{"title":"Felicitacions, queixes i suggeriments - Turismo Mutxamel","robots":{"index":"index","follow":"follow","max-snippet":"max-snippet:-1","max-image-preview":"max-image-preview:large","max-video-preview":"max-video-preview:-1"},"canonical":"https:\/\/turisme.mutxamel.org\/ca\/felicitaciones-quejas-y-sugerencias\/","og_locale":"ca_ES","og_type":"article","og_title":"Felicitacions, queixes i suggeriments - Turismo Mutxamel","og_url":"https:\/\/turisme.mutxamel.org\/ca\/felicitaciones-quejas-y-sugerencias\/","og_site_name":"Turismo Mutxamel","article_publisher":"https:\/\/www.facebook.com\/mutxamelturismo","article_modified_time":"2026-02-09T10:05:48+00:00","twitter_card":"summary_large_image","twitter_misc":{"Temps estimat de lectura":"1 minut"},"schema":{"@context":"https:\/\/schema.org","@graph":[{"@type":"WebPage","@id":"https:\/\/turisme.mutxamel.org\/ca\/felicitaciones-quejas-y-sugerencias\/","url":"https:\/\/turisme.mutxamel.org\/ca\/felicitaciones-quejas-y-sugerencias\/","name":"Felicitacions, queixes i suggeriments - Turismo Mutxamel","isPartOf":{"@id":"https:\/\/turisme.mutxamel.org\/ca\/#website"},"datePublished":"2025-07-29T06:53:21+00:00","dateModified":"2026-02-09T10:05:48+00:00","breadcrumb":{"@id":"https:\/\/turisme.mutxamel.org\/ca\/felicitaciones-quejas-y-sugerencias\/#breadcrumb"},"inLanguage":"ca","potentialAction":[{"@type":"ReadAction","target":["https:\/\/turisme.mutxamel.org\/ca\/felicitaciones-quejas-y-sugerencias\/"]}]},{"@type":"BreadcrumbList","@id":"https:\/\/turisme.mutxamel.org\/ca\/felicitaciones-quejas-y-sugerencias\/#breadcrumb","itemListElement":[{"@type":"ListItem","position":1,"name":"Portada","item":"https:\/\/turisme.mutxamel.org\/ca\/inicio\/"},{"@type":"ListItem","position":2,"name":"Felicitacions, queixes i suggeriments"}]},{"@type":"WebSite","@id":"https:\/\/turisme.mutxamel.org\/ca\/#website","url":"https:\/\/turisme.mutxamel.org\/ca\/","name":"Turismo Mutxamel","description":"","publisher":{"@id":"https:\/\/turisme.mutxamel.org\/ca\/#organization"},"potentialAction":[{"@type":"SearchAction","target":{"@type":"EntryPoint","urlTemplate":"https:\/\/turisme.mutxamel.org\/ca\/?s={search_term_string}"},"query-input":{"@type":"PropertyValueSpecification","valueRequired":true,"valueName":"search_term_string"}}],"inLanguage":"ca"},{"@type":"Organization","@id":"https:\/\/turisme.mutxamel.org\/ca\/#organization","name":"Turismo Mutxamel","url":"https:\/\/turisme.mutxamel.org\/ca\/","logo":{"@type":"ImageObject","inLanguage":"ca","@id":"https:\/\/turisme.mutxamel.org\/ca\/#\/schema\/logo\/image\/","url":"https:\/\/turisme.mutxamel.org\/wp-content\/uploads\/2024\/01\/logo-turismo-mutxamel.jpg","contentUrl":"https:\/\/turisme.mutxamel.org\/wp-content\/uploads\/2024\/01\/logo-turismo-mutxamel.jpg","width":195,"height":81,"caption":"Turismo Mutxamel"},"image":{"@id":"https:\/\/turisme.mutxamel.org\/ca\/#\/schema\/logo\/image\/"},"sameAs":["https:\/\/www.facebook.com\/mutxamelturismo","https:\/\/www.instagram.com\/mutxamelturismo\/","https:\/\/www.youtube.com\/aytomutxamel"]}]}},"_links":{"self":[{"href":"https:\/\/turisme.mutxamel.org\/ca\/wp-json\/wp\/v2\/pages\/16010","targetHints":{"allow":["GET"]}}],"collection":[{"href":"https:\/\/turisme.mutxamel.org\/ca\/wp-json\/wp\/v2\/pages"}],"about":[{"href":"https:\/\/turisme.mutxamel.org\/ca\/wp-json\/wp\/v2\/types\/page"}],"author":[{"embeddable":true,"href":"https:\/\/turisme.mutxamel.org\/ca\/wp-json\/wp\/v2\/users\/5"}],"replies":[{"embeddable":true,"href":"https:\/\/turisme.mutxamel.org\/ca\/wp-json\/wp\/v2\/comments?post=16010"}],"version-history":[{"count":5,"href":"https:\/\/turisme.mutxamel.org\/ca\/wp-json\/wp\/v2\/pages\/16010\/revisions"}],"predecessor-version":[{"id":16011,"href":"https:\/\/turisme.mutxamel.org\/ca\/wp-json\/wp\/v2\/pages\/16010\/revisions\/16011"}],"wp:attachment":[{"href":"https:\/\/turisme.mutxamel.org\/ca\/wp-json\/wp\/v2\/media?parent=16010"}],"wp:term":[{"taxonomy":"clasificacion","embeddable":true,"href":"https:\/\/turisme.mutxamel.org\/ca\/wp-json\/wp\/v2\/clasificacion?post=16010"}],"curies":[{"name":"wp","href":"https:\/\/api.w.org\/{rel}","templated":true}]}}